{"id":983,"date":"2019-04-15T19:04:37","date_gmt":"2019-04-15T19:04:37","guid":{"rendered":"https:\/\/worldphday.org\/about-world-ph-day\/"},"modified":"2021-04-22T15:18:13","modified_gmt":"2021-04-22T13:18:13","slug":"acerca-del-dia-mundial-de-hp","status":"publish","type":"page","link":"https:\/\/worldphday.org\/es\/acerca-del-dia-mundial-de-hp\/","title":{"rendered":"Acerca del D\u00eda Mundial de HP"},"content":{"rendered":"<div class=\"wpb-content-wrapper\"><p>[vc_row][vc_column][vc_column_text]<\/p>\n<h1>\u00bfQU\u00c9 ES EL D\u00cdA MUNDIAL DE HP?<\/h1>\n<p style=\"text-align: justify;\">Cada a\u00f1o, el 5 de mayo, las organizaciones y grupos de hipertensi\u00f3n pulmonar de todo el mundo participan en las actividades del D\u00eda Mundial de la Hipertensi\u00f3n Pulmonar para crear conciencia sobre esta enfermedad frecuentemente infradiagnosticada o mal diagnosticada y celebrar la vida de las personas que viven con HP. El D\u00eda Mundial de HP llama la atenci\u00f3n mundial sobre la importancia de mejorar la calidad de vida y aumentar la esperanza de vida de m\u00e1s de 25 millones de personas que viven con HP en todo el mundo.<\/p>\n<h2>Metas<\/h2>\n<p style=\"text-align: justify;\">Durante la celebraci\u00f3n del D\u00eda Mundial de HP, las organizaciones de hipertensi\u00f3n pulmonar trabajan para:<\/p>\n<ul>\n<li>Aumentar el conocimiento y la comprensi\u00f3n de la enfermedad para promover el diagn\u00f3stico precoz. El diagn\u00f3stico temprano es importante para disminuir las muertes prematures relacionadas con la HP.<\/li>\n<li>Promover el acceso a la atenci\u00f3n m\u00e9dica y los tratamientos que mejoren la calidad de vida y aumenten la esperanza de vida.<\/li>\n<li>Promover el concepto de atenci\u00f3n integral que incluye el tratamiento de todo el paciente de HP, los aspectos f\u00edsicos, psicol\u00f3gicos y sociales de la enfermedad.<\/li>\n<li>Promover las investigaciones que ayuden a encontrar la cura para la hipertensi\u00f3n pulmonar.<\/li>\n<\/ul>\n<h2>Historia<\/h2>\n<figure id=\"attachment_1028\" aria-describedby=\"caption-attachment-1028\" style=\"width: 555px\" class=\"wp-caption alignright\"><img loading=\"lazy\" decoding=\"async\" class=\"wp-image-1028 size-full\" src=\"https:\/\/worldphday.org\/wp-content\/uploads\/invitados-comite-mundialhp.jpg\" alt=\"Invitados Comite Mundial HP\" width=\"555\" height=\"368\" srcset=\"https:\/\/worldphday.org\/wp-content\/uploads\/invitados-comite-mundialhp.jpg 555w, https:\/\/worldphday.org\/wp-content\/uploads\/invitados-comite-mundialhp-300x199.jpg 300w\" sizes=\"auto, (max-width: 555px) 100vw, 555px\" \/><figcaption id=\"caption-attachment-1028\" class=\"wp-caption-text\">Invitados Comite Mundial HP<\/figcaption><\/figure>\n<p style=\"text-align: justify;\">En 2012, se llev\u00f3 a cabo un programa y un simposio cient\u00edfico en Madrid, Espa\u00f1a como la primera celebraci\u00f3n del D\u00eda Mundial de la HP. El d\u00eda fue aprobado oficialmente por 22 asociaciones de pacientes, 10 organizaciones de enfermedades raras y afiliadas y 8 sociedades cient\u00edficas. El 5 de mayo fue elegido originalmente como D\u00eda Mundial de la HP porque es el aniversario de la muerte del primer ni\u00f1o en Espa\u00f1a por hipertensi\u00f3n pulmonar como resultado de aceite de colza t\u00f3xico hace m\u00e1s de 30 a\u00f1os. Puede obtener m\u00e1s informaci\u00f3n sobre el primer evento <a href=\"http:\/\/diamundial.hipertensionpulmonar.es\" target=\"_blank\" rel=\"noopener\">aqu\u00ed<\/a>.<\/p>\n<h2>Iniciativa global<\/h2>\n<p style=\"text-align: justify;\">La fecha del 5 de mayo fue confirmada como D\u00eda Mundial de HP por consenso popular y debido a los eventos ya planeados en todo el mundo. Los miembros de la comunidad de hipertensi\u00f3n pulmonar de todo el mundo organizan y participan en una amplia variedad de eventos, acciones y celebraciones de sensibilizaci\u00f3n. La pandemia de COVID-19 hizo una pausa en las reuniones en persona pero a pesar de estos desaf\u00edos, m\u00e1s de 80 organizaciones de pacientes participaron en varios eventos en l\u00ednea para conmemorar el D\u00eda Mundial de HP en 2020.<\/p>\n<p>[\/vc_column_text][\/vc_column][\/vc_row]<\/p>\n<\/div>","protected":false},"excerpt":{"rendered":"<p>[vc_row][vc_column][vc_column_text] \u00bfQU\u00c9 ES EL D\u00cdA MUNDIAL DE HP? Cada a\u00f1o, el 5 de mayo, las organizaciones y grupos de hipertensi\u00f3n pulmonar de todo el mundo participan en las actividades del D\u00eda Mundial de la Hipertensi\u00f3n Pulmonar para crear conciencia sobre esta enfermedad frecuentemente infradiagnosticada o mal diagnosticada y celebrar la vida de las personas que &hellip; <\/p>\n<p class=\"link-more\"><a href=\"https:\/\/worldphday.org\/es\/acerca-del-dia-mundial-de-hp\/\" class=\"more-link\">Continuar leyendo<span class=\"screen-reader-text\"> \u00abAcerca del D\u00eda Mundial de HP\u00bb<\/span><\/a><\/p>\n","protected":false},"author":1,"featured_media":1029,"parent":0,"menu_order":100,"comment_status":"closed","ping_status":"closed","template":"","meta":{"footnotes":""},"class_list":["post-983","page","type-page","status-publish","has-post-thumbnail","hentry"],"yoast_head":"<!-- This site is optimized with the Yoast SEO plugin v27.3 - https:\/\/yoast.com\/product\/yoast-seo-wordpress\/ -->\n<title>Acerca del D\u00eda Mundial de HP | World PH Day - May 5, 2023<\/title>\n<meta name=\"description\" content=\"ada a\u00f1o, el 5 de mayo, las organizaciones y grupos de hipertensi\u00f3n pulmonar de todo el mundo participan en las actividades del D\u00eda Mundial de la Hipertensi\u00f3n Pulmonar para crear conciencia sobre esta enfermedad frecuentemente infradiagnosticada o mal diagnosticada y celebrar la vida de las personas que viven con HP.\" \/>\n<meta name=\"robots\" content=\"index, follow, max-snippet:-1, max-image-preview:large, max-video-preview:-1\" \/>\n<link rel=\"canonical\" href=\"https:\/\/worldphday.org\/es\/acerca-del-dia-mundial-de-hp\/\" \/>\n<meta property=\"og:locale\" content=\"es_ES\" \/>\n<meta property=\"og:type\" content=\"article\" \/>\n<meta property=\"og:title\" content=\"Acerca del D\u00eda Mundial de HP | World PH Day - May 5, 2023\" \/>\n<meta property=\"og:description\" content=\"ada a\u00f1o, el 5 de mayo, las organizaciones y grupos de hipertensi\u00f3n pulmonar de todo el mundo participan en las actividades del D\u00eda Mundial de la Hipertensi\u00f3n Pulmonar para crear conciencia sobre esta enfermedad frecuentemente infradiagnosticada o mal diagnosticada y celebrar la vida de las personas que viven con HP.\" \/>\n<meta property=\"og:url\" content=\"https:\/\/worldphday.org\/es\/acerca-del-dia-mundial-de-hp\/\" \/>\n<meta property=\"og:site_name\" content=\"World PH Day - May 5, 2023\" \/>\n<meta property=\"article:publisher\" content=\"https:\/\/www.facebook.com\/worldphday\" \/>\n<meta property=\"article:modified_time\" content=\"2021-04-22T13:18:13+00:00\" \/>\n<meta property=\"og:image\" content=\"https:\/\/worldphday.org\/wp-content\/uploads\/invitados-comite-mundialhp.jpg\" \/>\n\t<meta property=\"og:image:width\" content=\"555\" \/>\n\t<meta property=\"og:image:height\" content=\"368\" \/>\n\t<meta property=\"og:image:type\" content=\"image\/jpeg\" \/>\n<meta name=\"twitter:card\" content=\"summary_large_image\" \/>\n<meta name=\"twitter:site\" content=\"@worldphday\" \/>\n<meta name=\"twitter:label1\" content=\"Tiempo de lectura\" \/>\n\t<meta name=\"twitter:data1\" content=\"2 minutos\" \/>\n<script type=\"application\/ld+json\" class=\"yoast-schema-graph\">{\"@context\":\"https:\\\/\\\/schema.org\",\"@graph\":[{\"@type\":\"WebPage\",\"@id\":\"https:\\\/\\\/worldphday.org\\\/es\\\/acerca-del-dia-mundial-de-hp\\\/\",\"url\":\"https:\\\/\\\/worldphday.org\\\/es\\\/acerca-del-dia-mundial-de-hp\\\/\",\"name\":\"Acerca del D\u00eda Mundial de HP | World PH Day - May 5, 2023\",\"isPartOf\":{\"@id\":\"https:\\\/\\\/worldphday.org\\\/es\\\/#website\"},\"primaryImageOfPage\":{\"@id\":\"https:\\\/\\\/worldphday.org\\\/es\\\/acerca-del-dia-mundial-de-hp\\\/#primaryimage\"},\"image\":{\"@id\":\"https:\\\/\\\/worldphday.org\\\/es\\\/acerca-del-dia-mundial-de-hp\\\/#primaryimage\"},\"thumbnailUrl\":\"https:\\\/\\\/worldphday.org\\\/wp-content\\\/uploads\\\/invitados-comite-mundialhp.jpg\",\"datePublished\":\"2019-04-15T19:04:37+00:00\",\"dateModified\":\"2021-04-22T13:18:13+00:00\",\"description\":\"ada a\u00f1o, el 5 de mayo, las organizaciones y grupos de hipertensi\u00f3n pulmonar de todo el mundo participan en las actividades del D\u00eda Mundial de la Hipertensi\u00f3n Pulmonar para crear conciencia sobre esta enfermedad frecuentemente infradiagnosticada o mal diagnosticada y celebrar la vida de las personas que viven con HP.\",\"breadcrumb\":{\"@id\":\"https:\\\/\\\/worldphday.org\\\/es\\\/acerca-del-dia-mundial-de-hp\\\/#breadcrumb\"},\"inLanguage\":\"es\",\"potentialAction\":[{\"@type\":\"ReadAction\",\"target\":[\"https:\\\/\\\/worldphday.org\\\/es\\\/acerca-del-dia-mundial-de-hp\\\/\"]}]},{\"@type\":\"ImageObject\",\"inLanguage\":\"es\",\"@id\":\"https:\\\/\\\/worldphday.org\\\/es\\\/acerca-del-dia-mundial-de-hp\\\/#primaryimage\",\"url\":\"https:\\\/\\\/worldphday.org\\\/wp-content\\\/uploads\\\/invitados-comite-mundialhp.jpg\",\"contentUrl\":\"https:\\\/\\\/worldphday.org\\\/wp-content\\\/uploads\\\/invitados-comite-mundialhp.jpg\",\"width\":555,\"height\":368,\"caption\":\"Invitados Comite Mundial HP\"},{\"@type\":\"BreadcrumbList\",\"@id\":\"https:\\\/\\\/worldphday.org\\\/es\\\/acerca-del-dia-mundial-de-hp\\\/#breadcrumb\",\"itemListElement\":[{\"@type\":\"ListItem\",\"position\":1,\"name\":\"Home\",\"item\":\"https:\\\/\\\/worldphday.org\\\/es\\\/\"},{\"@type\":\"ListItem\",\"position\":2,\"name\":\"Acerca del D\u00eda Mundial de HP\"}]},{\"@type\":\"WebSite\",\"@id\":\"https:\\\/\\\/worldphday.org\\\/es\\\/#website\",\"url\":\"https:\\\/\\\/worldphday.org\\\/es\\\/\",\"name\":\"World PH Day - May 5, 2023\",\"description\":\"10 Years togheter\",\"publisher\":{\"@id\":\"https:\\\/\\\/worldphday.org\\\/es\\\/#organization\"},\"potentialAction\":[{\"@type\":\"SearchAction\",\"target\":{\"@type\":\"EntryPoint\",\"urlTemplate\":\"https:\\\/\\\/worldphday.org\\\/es\\\/?s={search_term_string}\"},\"query-input\":{\"@type\":\"PropertyValueSpecification\",\"valueRequired\":true,\"valueName\":\"search_term_string\"}}],\"inLanguage\":\"es\"},{\"@type\":\"Organization\",\"@id\":\"https:\\\/\\\/worldphday.org\\\/es\\\/#organization\",\"name\":\"World PH Day\",\"url\":\"https:\\\/\\\/worldphday.org\\\/es\\\/\",\"logo\":{\"@type\":\"ImageObject\",\"inLanguage\":\"es\",\"@id\":\"https:\\\/\\\/worldphday.org\\\/es\\\/#\\\/schema\\\/logo\\\/image\\\/\",\"url\":\"https:\\\/\\\/worldphday.org\\\/wp-content\\\/uploads\\\/wphd-logo.png\",\"contentUrl\":\"https:\\\/\\\/worldphday.org\\\/wp-content\\\/uploads\\\/wphd-logo.png\",\"width\":270,\"height\":100,\"caption\":\"World PH Day\"},\"image\":{\"@id\":\"https:\\\/\\\/worldphday.org\\\/es\\\/#\\\/schema\\\/logo\\\/image\\\/\"},\"sameAs\":[\"https:\\\/\\\/www.facebook.com\\\/worldphday\",\"https:\\\/\\\/x.com\\\/worldphday\"]}]}<\/script>\n<!-- \/ Yoast SEO plugin. -->","yoast_head_json":{"title":"Acerca del D\u00eda Mundial de HP | World PH Day - May 5, 2023","description":"ada a\u00f1o, el 5 de mayo, las organizaciones y grupos de hipertensi\u00f3n pulmonar de todo el mundo participan en las actividades del D\u00eda Mundial de la Hipertensi\u00f3n Pulmonar para crear conciencia sobre esta enfermedad frecuentemente infradiagnosticada o mal diagnosticada y celebrar la vida de las personas que viven con HP.","robots":{"index":"index","follow":"follow","max-snippet":"max-snippet:-1","max-image-preview":"max-image-preview:large","max-video-preview":"max-video-preview:-1"},"canonical":"https:\/\/worldphday.org\/es\/acerca-del-dia-mundial-de-hp\/","og_locale":"es_ES","og_type":"article","og_title":"Acerca del D\u00eda Mundial de HP | World PH Day - May 5, 2023","og_description":"ada a\u00f1o, el 5 de mayo, las organizaciones y grupos de hipertensi\u00f3n pulmonar de todo el mundo participan en las actividades del D\u00eda Mundial de la Hipertensi\u00f3n Pulmonar para crear conciencia sobre esta enfermedad frecuentemente infradiagnosticada o mal diagnosticada y celebrar la vida de las personas que viven con HP.","og_url":"https:\/\/worldphday.org\/es\/acerca-del-dia-mundial-de-hp\/","og_site_name":"World PH Day - May 5, 2023","article_publisher":"https:\/\/www.facebook.com\/worldphday","article_modified_time":"2021-04-22T13:18:13+00:00","og_image":[{"width":555,"height":368,"url":"https:\/\/worldphday.org\/wp-content\/uploads\/invitados-comite-mundialhp.jpg","type":"image\/jpeg"}],"twitter_card":"summary_large_image","twitter_site":"@worldphday","twitter_misc":{"Tiempo de lectura":"2 minutos"},"schema":{"@context":"https:\/\/schema.org","@graph":[{"@type":"WebPage","@id":"https:\/\/worldphday.org\/es\/acerca-del-dia-mundial-de-hp\/","url":"https:\/\/worldphday.org\/es\/acerca-del-dia-mundial-de-hp\/","name":"Acerca del D\u00eda Mundial de HP | World PH Day - May 5, 2023","isPartOf":{"@id":"https:\/\/worldphday.org\/es\/#website"},"primaryImageOfPage":{"@id":"https:\/\/worldphday.org\/es\/acerca-del-dia-mundial-de-hp\/#primaryimage"},"image":{"@id":"https:\/\/worldphday.org\/es\/acerca-del-dia-mundial-de-hp\/#primaryimage"},"thumbnailUrl":"https:\/\/worldphday.org\/wp-content\/uploads\/invitados-comite-mundialhp.jpg","datePublished":"2019-04-15T19:04:37+00:00","dateModified":"2021-04-22T13:18:13+00:00","description":"ada a\u00f1o, el 5 de mayo, las organizaciones y grupos de hipertensi\u00f3n pulmonar de todo el mundo participan en las actividades del D\u00eda Mundial de la Hipertensi\u00f3n Pulmonar para crear conciencia sobre esta enfermedad frecuentemente infradiagnosticada o mal diagnosticada y celebrar la vida de las personas que viven con HP.","breadcrumb":{"@id":"https:\/\/worldphday.org\/es\/acerca-del-dia-mundial-de-hp\/#breadcrumb"},"inLanguage":"es","potentialAction":[{"@type":"ReadAction","target":["https:\/\/worldphday.org\/es\/acerca-del-dia-mundial-de-hp\/"]}]},{"@type":"ImageObject","inLanguage":"es","@id":"https:\/\/worldphday.org\/es\/acerca-del-dia-mundial-de-hp\/#primaryimage","url":"https:\/\/worldphday.org\/wp-content\/uploads\/invitados-comite-mundialhp.jpg","contentUrl":"https:\/\/worldphday.org\/wp-content\/uploads\/invitados-comite-mundialhp.jpg","width":555,"height":368,"caption":"Invitados Comite Mundial HP"},{"@type":"BreadcrumbList","@id":"https:\/\/worldphday.org\/es\/acerca-del-dia-mundial-de-hp\/#breadcrumb","itemListElement":[{"@type":"ListItem","position":1,"name":"Home","item":"https:\/\/worldphday.org\/es\/"},{"@type":"ListItem","position":2,"name":"Acerca del D\u00eda Mundial de HP"}]},{"@type":"WebSite","@id":"https:\/\/worldphday.org\/es\/#website","url":"https:\/\/worldphday.org\/es\/","name":"World PH Day - May 5, 2023","description":"10 Years togheter","publisher":{"@id":"https:\/\/worldphday.org\/es\/#organization"},"potentialAction":[{"@type":"SearchAction","target":{"@type":"EntryPoint","urlTemplate":"https:\/\/worldphday.org\/es\/?s={search_term_string}"},"query-input":{"@type":"PropertyValueSpecification","valueRequired":true,"valueName":"search_term_string"}}],"inLanguage":"es"},{"@type":"Organization","@id":"https:\/\/worldphday.org\/es\/#organization","name":"World PH Day","url":"https:\/\/worldphday.org\/es\/","logo":{"@type":"ImageObject","inLanguage":"es","@id":"https:\/\/worldphday.org\/es\/#\/schema\/logo\/image\/","url":"https:\/\/worldphday.org\/wp-content\/uploads\/wphd-logo.png","contentUrl":"https:\/\/worldphday.org\/wp-content\/uploads\/wphd-logo.png","width":270,"height":100,"caption":"World PH Day"},"image":{"@id":"https:\/\/worldphday.org\/es\/#\/schema\/logo\/image\/"},"sameAs":["https:\/\/www.facebook.com\/worldphday","https:\/\/x.com\/worldphday"]}]}},"_links":{"self":[{"href":"https:\/\/worldphday.org\/es\/wp-json\/wp\/v2\/pages\/983","targetHints":{"allow":["GET"]}}],"collection":[{"href":"https:\/\/worldphday.org\/es\/wp-json\/wp\/v2\/pages"}],"about":[{"href":"https:\/\/worldphday.org\/es\/wp-json\/wp\/v2\/types\/page"}],"author":[{"embeddable":true,"href":"https:\/\/worldphday.org\/es\/wp-json\/wp\/v2\/users\/1"}],"replies":[{"embeddable":true,"href":"https:\/\/worldphday.org\/es\/wp-json\/wp\/v2\/comments?post=983"}],"version-history":[{"count":4,"href":"https:\/\/worldphday.org\/es\/wp-json\/wp\/v2\/pages\/983\/revisions"}],"predecessor-version":[{"id":1824,"href":"https:\/\/worldphday.org\/es\/wp-json\/wp\/v2\/pages\/983\/revisions\/1824"}],"wp:featuredmedia":[{"embeddable":true,"href":"https:\/\/worldphday.org\/es\/wp-json\/wp\/v2\/media\/1029"}],"wp:attachment":[{"href":"https:\/\/worldphday.org\/es\/wp-json\/wp\/v2\/media?parent=983"}],"curies":[{"name":"wp","href":"https:\/\/api.w.org\/{rel}","templated":true}]}}