{"id":965,"date":"2017-01-05T16:04:41","date_gmt":"2017-01-05T16:04:41","guid":{"rendered":"https:\/\/worldphday.org\/resources\/"},"modified":"2023-04-14T15:28:51","modified_gmt":"2023-04-14T13:28:51","slug":"recursos","status":"publish","type":"page","link":"https:\/\/worldphday.org\/es\/recursos\/","title":{"rendered":"Recursos"},"content":{"rendered":"<div class=\"wpb-content-wrapper\"><p>[vc_row][vc_column][vc_column_text]<\/p>\n<h1>Para personas que viven con HP<\/h1>\n<p>[\/vc_column_text][vc_column_text css=\u00bb.vc_custom_1620212147027{margin-top: 20px !important;}\u00bb]<\/p>\n<h2>Descubre las <strong>asociaciones de HP del mundo<\/strong><\/h2>\n<p><strong>Recursos adicionales:<\/strong><\/p>\n<p>Visita la <a title=\"European Pulmonary Hypertension Association\" href=\"http:\/\/phaeurope.org\/\" target=\"_blank\" rel=\"noopener\">European Pulmonary Hypertension Association<\/a>, <a href=\"https:\/\/www.phassociation.org\/\" target=\"_blank\" rel=\"noopener\">Pulmonary Hypertension Association<\/a> y <a title=\"Sociedad Latina de Hipertensi\u00f3n Pulmonar\" href=\"https:\/\/sociedadlatinahp.org\/\" target=\"_blank\" rel=\"noopener\">Sociedad Latina de Hipertensi\u00f3n Pulmonar<\/a>.[\/vc_column_text][vc_row_inner][vc_column_inner width=\u00bb1\/3&#8243;][vc_single_image image=\u00bb1381&#8243; img_size=\u00bblarge\u00bb alignment=\u00bbcenter\u00bb style=\u00bbvc_box_shadow\u00bb onclick=\u00bbcustom_link\u00bb img_link_target=\u00bb_blank\u00bb css_animation=\u00bbnone\u00bb link=\u00bbhttps:\/\/www.phaeurope.org\/\u00bb el_class=\u00bbno-shadow-border\u00bb][\/vc_column_inner][vc_column_inner width=\u00bb1\/3&#8243;][vc_single_image image=\u00bb1385&#8243; img_size=\u00bblarge\u00bb alignment=\u00bbcenter\u00bb style=\u00bbvc_box_shadow\u00bb onclick=\u00bbcustom_link\u00bb img_link_target=\u00bb_blank\u00bb link=\u00bbhttps:\/\/phassociation.org\/\u00bb el_class=\u00bbno-shadow-border\u00bb][\/vc_column_inner][vc_column_inner width=\u00bb1\/3&#8243;][vc_single_image image=\u00bb1379&#8243; img_size=\u00bblarge\u00bb alignment=\u00bbcenter\u00bb style=\u00bbvc_box_shadow\u00bb onclick=\u00bbcustom_link\u00bb img_link_target=\u00bb_blank\u00bb link=\u00bbhttps:\/\/sociedadlatinahp.org\/\u00bb el_class=\u00bbno-shadow-border\u00bb][\/vc_column_inner][\/vc_row_inner][vc_column_text]<\/p>\n<h2>Conoce m\u00e1s acerca de la HP<\/h2>\n<p style=\"text-align: justify;\">Visita <a href=\"http:\/\/www.sociendadlatinahp.org\" target=\"_blank\" rel=\"noopener\">www.sociendadlatinahp.org<\/a> para conocer m\u00e1s acerca de los s\u00edntomas de la HP, tratamientos y diagn\u00f3stico. Para informaci\u00f3n en ingl\u00e9s, visita <a href=\"http:\/\/www.PHAssociation.org\" target=\"_blank\" rel=\"noopener\">www.PHAssociation.org<\/a>.<\/p>\n<h2>Doctores que tratan la HP<\/h2>\n<p style=\"text-align: justify;\">Usa el directorio \u201c<a href=\"https:\/\/www.phassociation.org\/Patients\/FindADoctor\" target=\"_blank\" rel=\"noopener\">Encuentra un doctor<\/a>\u201d para identificar m\u00e9dicos con la experiencia y recursos para diagnosticar y manejar la HP. Los pacientes en Estados Unidos tambi\u00e9n pueden encontrar <a href=\"https:\/\/www.phassociation.org\/PHCareCenters\/Patients\" target=\"_blank\" rel=\"noopener\">Centros de tratamiento de la HP acreditados por la PHA.<\/a><\/p>\n<p>Use the <a href=\"https:\/\/phassociation.org\/Patients\/FindADoctor\" target=\"_blank\" rel=\"noopener\">Find a Doctor Directory<\/a> to identify doctors with expertise and resources to diagnose and manage pulmonary hypertension. U.S.-based patients can also find <a href=\"https:\/\/phassociation.org\/PHCareCenters\/Patients\" target=\"_blank\" rel=\"noopener\">PHA-accredited PH Care Centers<\/a>.<\/p>\n<p>Los <a href=\"http:\/\/www.phaeurope.org\/specialists\/\" target=\"_blank\" rel=\"noopener\">pacientes en Europa <\/a>pueden visitar www.PHAEurope.org para encontrar un especialista.<\/p>\n<h2>Para profesionales de la salud<\/h2>\n<p style=\"text-align: justify;\">\u00bfEres un profesional de la salud interesado en aprender m\u00e1s sobre la Hipertensi\u00f3n Pulmonar?<\/p>\n<p>Visita <a href=\"http:\/\/www.phaonlineuniv.org\/\" target=\"_blank\" rel=\"noopener\">www.PHAOnlineUniv.org<\/a> para tener acceso a:<\/p>\n<ul>\n<li>Cursos en Hipertensi\u00f3n Pulmonar<\/li>\n<li>Avances en Hipertensi\u00f3n Pulmonar, un diario m\u00e9dico sobre el tratamiento de la HP para m\u00e9dicos e investigadores<\/li>\n<li>Grabaciones de presentaciones m\u00e9dicas pasadas y webinarios<\/li>\n<li>Acceso a las m\u00e1s recientes investigaciones relacionadas con la HP<\/li>\n<li>Nuestra Biblioteca de HP<\/li>\n<\/ul>\n<h2 id=\"recording-of-webinars-from-2021\">Recording of Webinars from 2021.<\/h2>\n<p>[\/vc_column_text][vc_row_inner][vc_column_inner width=\u00bb1\/2&#8243;][vc_column_text]<\/p>\n<div class=\"video-container\" style=\"text-align: center;\"><iframe loading=\"lazy\" title=\"Dr. Flavia Navarro - HP Associada a Cardiopatias Congenitas\" src=\"https:\/\/www.youtube-nocookie.com\/embed\/5S6ZAEUoGIk\" width=\"420\" height=\"236\" frameborder=\"0\" allowfullscreen=\"allowfullscreen\"><\/iframe><\/div>\n<p style=\"text-align: center;\"><strong>Dr. Flavia Navarro &#8211; HP Associada a Cardiopatias Congenitas<\/strong><\/p>\n<p>[\/vc_column_text][\/vc_column_inner][vc_column_inner width=\u00bb1\/2&#8243;][vc_column_text]<\/p>\n<div class=\"video-container\" style=\"text-align: center;\"><iframe loading=\"lazy\" title=\"Marcelo Bandeira - HAP: desafios atuais e perspectivas futuras na era pos-covid 19 by PHA Europe\" src=\"https:\/\/www.youtube-nocookie.com\/embed\/0XLpn-LQvs4\" width=\"420\" height=\"236\" frameborder=\"0\" allowfullscreen=\"allowfullscreen\"><\/iframe><\/div>\n<p style=\"text-align: center;\"><strong>Marcelo Bandeira &#8211; HAP: desafios atuais e perspectivas futuras na era pos-covid 19 by PHA Europe<\/strong><\/p>\n<p>[\/vc_column_text][\/vc_column_inner][\/vc_row_inner][vc_row_inner][vc_column_inner width=\u00bb1\/2&#8243;][vc_column_text]<\/p>\n<div class=\"video-container\" style=\"text-align: center;\"><iframe loading=\"lazy\" title=\"YouTube video player\" src=\"https:\/\/www.youtube-nocookie.com\/embed\/s1sEL4w51IU\" width=\"420\" height=\"236\" frameborder=\"0\" allowfullscreen=\"allowfullscreen\"><\/iframe><\/div>\n<p style=\"text-align: center;\"><strong>Dr Sahay and Dr Bobhate &#8211; How to stop worrying and start living with PH<\/strong><\/p>\n<p>[\/vc_column_text][\/vc_column_inner][vc_column_inner width=\u00bb1\/2&#8243;][vc_column_text]<\/p>\n<div class=\"video-container\" style=\"text-align: center;\"><iframe loading=\"lazy\" title=\"Dr. Pilar Escribano -Tratamiento por objetivos y estrategia de seguimiento en la HP\" src=\"https:\/\/www.youtube-nocookie.com\/embed\/uoZd2f-Hb2M\" width=\"420\" height=\"236\" frameborder=\"0\" allowfullscreen=\"allowfullscreen\"><\/iframe><\/div>\n<p style=\"text-align: center;\"><strong>Dr. Pilar Escribano -Tratamiento por objetivos y estrategia de seguimiento en la HP<\/strong><\/p>\n<p>[\/vc_column_text][\/vc_column_inner][\/vc_row_inner][vc_row_inner][vc_column_inner width=\u00bb1\/2&#8243;][vc_column_text]<\/p>\n<div class=\"video-container\" style=\"text-align: center;\"><iframe loading=\"lazy\" title=\"The importance of measuring patient recorded outcomes - Dr Joanna Pepke-Zaba\" src=\"https:\/\/www.youtube-nocookie.com\/embed\/-HqaRjPWuSg\" width=\"420\" height=\"236\" frameborder=\"0\" allowfullscreen=\"allowfullscreen\"><\/iframe><\/div>\n<p style=\"text-align: center;\"><strong>The importance of measuring patient recorded outcomes &#8211; Dr Joanna Pepke-Zaba<\/strong><\/p>\n<p>[\/vc_column_text][\/vc_column_inner][vc_column_inner width=\u00bb1\/2&#8243;][\/vc_column_inner][\/vc_row_inner][\/vc_column][\/vc_row]<\/p>\n<\/div>","protected":false},"excerpt":{"rendered":"<p>[vc_row][vc_column][vc_column_text] Para personas que viven con HP [\/vc_column_text][vc_column_text css=\u00bb.vc_custom_1620212147027{margin-top: 20px !important;}\u00bb] Descubre las asociaciones de HP del mundo Recursos adicionales: Visita la European Pulmonary Hypertension Association, Pulmonary Hypertension Association y Sociedad Latina de Hipertensi\u00f3n Pulmonar.[\/vc_column_text][vc_row_inner][vc_column_inner width=\u00bb1\/3&#8243;][vc_single_image image=\u00bb1381&#8243; img_size=\u00bblarge\u00bb alignment=\u00bbcenter\u00bb style=\u00bbvc_box_shadow\u00bb onclick=\u00bbcustom_link\u00bb img_link_target=\u00bb_blank\u00bb css_animation=\u00bbnone\u00bb link=\u00bbhttps:\/\/www.phaeurope.org\/\u00bb el_class=\u00bbno-shadow-border\u00bb][\/vc_column_inner][vc_column_inner width=\u00bb1\/3&#8243;][vc_single_image image=\u00bb1385&#8243; img_size=\u00bblarge\u00bb alignment=\u00bbcenter\u00bb style=\u00bbvc_box_shadow\u00bb onclick=\u00bbcustom_link\u00bb img_link_target=\u00bb_blank\u00bb link=\u00bbhttps:\/\/phassociation.org\/\u00bb el_class=\u00bbno-shadow-border\u00bb][\/vc_column_inner][vc_column_inner width=\u00bb1\/3&#8243;][vc_single_image &hellip; <\/p>\n<p class=\"link-more\"><a href=\"https:\/\/worldphday.org\/es\/recursos\/\" class=\"more-link\">Continuar leyendo<span class=\"screen-reader-text\"> \u00abRecursos\u00bb<\/span><\/a><\/p>\n","protected":false},"author":1,"featured_media":2052,"parent":0,"menu_order":600,"comment_status":"closed","ping_status":"open","template":"","meta":{"footnotes":""},"class_list":["post-965","page","type-page","status-publish","has-post-thumbnail","hentry"],"yoast_head":"<!-- This site is optimized with the Yoast SEO plugin v27.4 - https:\/\/yoast.com\/product\/yoast-seo-wordpress\/ -->\n<title>Recursos | World PH Day - May 5, 2023<\/title>\n<meta name=\"description\" content=\"Busca asociaciones en \u00c1frica, Norteam\u00e9rica, Suram\u00e9rica, Asia (este), Asia (sureste), Asia (sur), Australia y Nueva Zelanda, Europa y el Merio Oriente en www.PHAssociation.org.\" \/>\n<meta name=\"robots\" content=\"index, follow, max-snippet:-1, max-image-preview:large, max-video-preview:-1\" \/>\n<link rel=\"canonical\" href=\"https:\/\/worldphday.org\/es\/recursos\/\" \/>\n<meta property=\"og:locale\" content=\"es_ES\" \/>\n<meta property=\"og:type\" content=\"article\" \/>\n<meta property=\"og:title\" content=\"Recursos | World PH Day - May 5, 2023\" \/>\n<meta property=\"og:description\" content=\"Busca asociaciones en \u00c1frica, Norteam\u00e9rica, Suram\u00e9rica, Asia (este), Asia (sureste), Asia (sur), Australia y Nueva Zelanda, Europa y el Merio Oriente en www.PHAssociation.org.\" \/>\n<meta property=\"og:url\" content=\"https:\/\/worldphday.org\/es\/recursos\/\" \/>\n<meta property=\"og:site_name\" content=\"World PH Day - May 5, 2023\" \/>\n<meta property=\"article:publisher\" content=\"https:\/\/www.facebook.com\/worldphday\" \/>\n<meta property=\"article:modified_time\" content=\"2023-04-14T13:28:51+00:00\" \/>\n<meta property=\"og:image\" content=\"https:\/\/worldphday.org\/wp-content\/uploads\/wphd-2021-dia-mundial-de-la-hipertension-pulmonar.jpg\" \/>\n\t<meta property=\"og:image:width\" content=\"940\" \/>\n\t<meta property=\"og:image:height\" content=\"788\" \/>\n\t<meta property=\"og:image:type\" content=\"image\/jpeg\" \/>\n<meta name=\"twitter:card\" content=\"summary_large_image\" \/>\n<meta name=\"twitter:site\" content=\"@worldphday\" \/>\n<meta name=\"twitter:label1\" content=\"Tiempo de lectura\" \/>\n\t<meta name=\"twitter:data1\" content=\"3 minutos\" \/>\n<script type=\"application\/ld+json\" class=\"yoast-schema-graph\">{\"@context\":\"https:\\\/\\\/schema.org\",\"@graph\":[{\"@type\":\"WebPage\",\"@id\":\"https:\\\/\\\/worldphday.org\\\/es\\\/recursos\\\/\",\"url\":\"https:\\\/\\\/worldphday.org\\\/es\\\/recursos\\\/\",\"name\":\"Recursos | World PH Day - May 5, 2023\",\"isPartOf\":{\"@id\":\"https:\\\/\\\/worldphday.org\\\/es\\\/#website\"},\"primaryImageOfPage\":{\"@id\":\"https:\\\/\\\/worldphday.org\\\/es\\\/recursos\\\/#primaryimage\"},\"image\":{\"@id\":\"https:\\\/\\\/worldphday.org\\\/es\\\/recursos\\\/#primaryimage\"},\"thumbnailUrl\":\"https:\\\/\\\/worldphday.org\\\/wp-content\\\/uploads\\\/wphd-2021-dia-mundial-de-la-hipertension-pulmonar.jpg\",\"datePublished\":\"2017-01-05T16:04:41+00:00\",\"dateModified\":\"2023-04-14T13:28:51+00:00\",\"description\":\"Busca asociaciones en \u00c1frica, Norteam\u00e9rica, Suram\u00e9rica, Asia (este), Asia (sureste), Asia (sur), Australia y Nueva Zelanda, Europa y el Merio Oriente en www.PHAssociation.org.\",\"breadcrumb\":{\"@id\":\"https:\\\/\\\/worldphday.org\\\/es\\\/recursos\\\/#breadcrumb\"},\"inLanguage\":\"es\",\"potentialAction\":[{\"@type\":\"ReadAction\",\"target\":[\"https:\\\/\\\/worldphday.org\\\/es\\\/recursos\\\/\"]}]},{\"@type\":\"ImageObject\",\"inLanguage\":\"es\",\"@id\":\"https:\\\/\\\/worldphday.org\\\/es\\\/recursos\\\/#primaryimage\",\"url\":\"https:\\\/\\\/worldphday.org\\\/wp-content\\\/uploads\\\/wphd-2021-dia-mundial-de-la-hipertension-pulmonar.jpg\",\"contentUrl\":\"https:\\\/\\\/worldphday.org\\\/wp-content\\\/uploads\\\/wphd-2021-dia-mundial-de-la-hipertension-pulmonar.jpg\",\"width\":940,\"height\":788,\"caption\":\"WPHD 2021 - D\u00eda Mundial de la Hipertensi\u00f3n Pulmonar (#PHMatters)\"},{\"@type\":\"BreadcrumbList\",\"@id\":\"https:\\\/\\\/worldphday.org\\\/es\\\/recursos\\\/#breadcrumb\",\"itemListElement\":[{\"@type\":\"ListItem\",\"position\":1,\"name\":\"Home\",\"item\":\"https:\\\/\\\/worldphday.org\\\/es\\\/\"},{\"@type\":\"ListItem\",\"position\":2,\"name\":\"Recursos\"}]},{\"@type\":\"WebSite\",\"@id\":\"https:\\\/\\\/worldphday.org\\\/es\\\/#website\",\"url\":\"https:\\\/\\\/worldphday.org\\\/es\\\/\",\"name\":\"World PH Day - May 5, 2023\",\"description\":\"10 Years togheter\",\"publisher\":{\"@id\":\"https:\\\/\\\/worldphday.org\\\/es\\\/#organization\"},\"potentialAction\":[{\"@type\":\"SearchAction\",\"target\":{\"@type\":\"EntryPoint\",\"urlTemplate\":\"https:\\\/\\\/worldphday.org\\\/es\\\/?s={search_term_string}\"},\"query-input\":{\"@type\":\"PropertyValueSpecification\",\"valueRequired\":true,\"valueName\":\"search_term_string\"}}],\"inLanguage\":\"es\"},{\"@type\":\"Organization\",\"@id\":\"https:\\\/\\\/worldphday.org\\\/es\\\/#organization\",\"name\":\"World PH Day\",\"url\":\"https:\\\/\\\/worldphday.org\\\/es\\\/\",\"logo\":{\"@type\":\"ImageObject\",\"inLanguage\":\"es\",\"@id\":\"https:\\\/\\\/worldphday.org\\\/es\\\/#\\\/schema\\\/logo\\\/image\\\/\",\"url\":\"https:\\\/\\\/worldphday.org\\\/wp-content\\\/uploads\\\/wphd-logo.png\",\"contentUrl\":\"https:\\\/\\\/worldphday.org\\\/wp-content\\\/uploads\\\/wphd-logo.png\",\"width\":270,\"height\":100,\"caption\":\"World PH Day\"},\"image\":{\"@id\":\"https:\\\/\\\/worldphday.org\\\/es\\\/#\\\/schema\\\/logo\\\/image\\\/\"},\"sameAs\":[\"https:\\\/\\\/www.facebook.com\\\/worldphday\",\"https:\\\/\\\/x.com\\\/worldphday\"]}]}<\/script>\n<!-- \/ Yoast SEO plugin. -->","yoast_head_json":{"title":"Recursos | World PH Day - May 5, 2023","description":"Busca asociaciones en \u00c1frica, Norteam\u00e9rica, Suram\u00e9rica, Asia (este), Asia (sureste), Asia (sur), Australia y Nueva Zelanda, Europa y el Merio Oriente en www.PHAssociation.org.","robots":{"index":"index","follow":"follow","max-snippet":"max-snippet:-1","max-image-preview":"max-image-preview:large","max-video-preview":"max-video-preview:-1"},"canonical":"https:\/\/worldphday.org\/es\/recursos\/","og_locale":"es_ES","og_type":"article","og_title":"Recursos | World PH Day - May 5, 2023","og_description":"Busca asociaciones en \u00c1frica, Norteam\u00e9rica, Suram\u00e9rica, Asia (este), Asia (sureste), Asia (sur), Australia y Nueva Zelanda, Europa y el Merio Oriente en www.PHAssociation.org.","og_url":"https:\/\/worldphday.org\/es\/recursos\/","og_site_name":"World PH Day - May 5, 2023","article_publisher":"https:\/\/www.facebook.com\/worldphday","article_modified_time":"2023-04-14T13:28:51+00:00","og_image":[{"width":940,"height":788,"url":"https:\/\/worldphday.org\/wp-content\/uploads\/wphd-2021-dia-mundial-de-la-hipertension-pulmonar.jpg","type":"image\/jpeg"}],"twitter_card":"summary_large_image","twitter_site":"@worldphday","twitter_misc":{"Tiempo de lectura":"3 minutos"},"schema":{"@context":"https:\/\/schema.org","@graph":[{"@type":"WebPage","@id":"https:\/\/worldphday.org\/es\/recursos\/","url":"https:\/\/worldphday.org\/es\/recursos\/","name":"Recursos | World PH Day - May 5, 2023","isPartOf":{"@id":"https:\/\/worldphday.org\/es\/#website"},"primaryImageOfPage":{"@id":"https:\/\/worldphday.org\/es\/recursos\/#primaryimage"},"image":{"@id":"https:\/\/worldphday.org\/es\/recursos\/#primaryimage"},"thumbnailUrl":"https:\/\/worldphday.org\/wp-content\/uploads\/wphd-2021-dia-mundial-de-la-hipertension-pulmonar.jpg","datePublished":"2017-01-05T16:04:41+00:00","dateModified":"2023-04-14T13:28:51+00:00","description":"Busca asociaciones en \u00c1frica, Norteam\u00e9rica, Suram\u00e9rica, Asia (este), Asia (sureste), Asia (sur), Australia y Nueva Zelanda, Europa y el Merio Oriente en www.PHAssociation.org.","breadcrumb":{"@id":"https:\/\/worldphday.org\/es\/recursos\/#breadcrumb"},"inLanguage":"es","potentialAction":[{"@type":"ReadAction","target":["https:\/\/worldphday.org\/es\/recursos\/"]}]},{"@type":"ImageObject","inLanguage":"es","@id":"https:\/\/worldphday.org\/es\/recursos\/#primaryimage","url":"https:\/\/worldphday.org\/wp-content\/uploads\/wphd-2021-dia-mundial-de-la-hipertension-pulmonar.jpg","contentUrl":"https:\/\/worldphday.org\/wp-content\/uploads\/wphd-2021-dia-mundial-de-la-hipertension-pulmonar.jpg","width":940,"height":788,"caption":"WPHD 2021 - D\u00eda Mundial de la Hipertensi\u00f3n Pulmonar (#PHMatters)"},{"@type":"BreadcrumbList","@id":"https:\/\/worldphday.org\/es\/recursos\/#breadcrumb","itemListElement":[{"@type":"ListItem","position":1,"name":"Home","item":"https:\/\/worldphday.org\/es\/"},{"@type":"ListItem","position":2,"name":"Recursos"}]},{"@type":"WebSite","@id":"https:\/\/worldphday.org\/es\/#website","url":"https:\/\/worldphday.org\/es\/","name":"World PH Day - May 5, 2023","description":"10 Years togheter","publisher":{"@id":"https:\/\/worldphday.org\/es\/#organization"},"potentialAction":[{"@type":"SearchAction","target":{"@type":"EntryPoint","urlTemplate":"https:\/\/worldphday.org\/es\/?s={search_term_string}"},"query-input":{"@type":"PropertyValueSpecification","valueRequired":true,"valueName":"search_term_string"}}],"inLanguage":"es"},{"@type":"Organization","@id":"https:\/\/worldphday.org\/es\/#organization","name":"World PH Day","url":"https:\/\/worldphday.org\/es\/","logo":{"@type":"ImageObject","inLanguage":"es","@id":"https:\/\/worldphday.org\/es\/#\/schema\/logo\/image\/","url":"https:\/\/worldphday.org\/wp-content\/uploads\/wphd-logo.png","contentUrl":"https:\/\/worldphday.org\/wp-content\/uploads\/wphd-logo.png","width":270,"height":100,"caption":"World PH Day"},"image":{"@id":"https:\/\/worldphday.org\/es\/#\/schema\/logo\/image\/"},"sameAs":["https:\/\/www.facebook.com\/worldphday","https:\/\/x.com\/worldphday"]}]}},"_links":{"self":[{"href":"https:\/\/worldphday.org\/es\/wp-json\/wp\/v2\/pages\/965","targetHints":{"allow":["GET"]}}],"collection":[{"href":"https:\/\/worldphday.org\/es\/wp-json\/wp\/v2\/pages"}],"about":[{"href":"https:\/\/worldphday.org\/es\/wp-json\/wp\/v2\/types\/page"}],"author":[{"embeddable":true,"href":"https:\/\/worldphday.org\/es\/wp-json\/wp\/v2\/users\/1"}],"replies":[{"embeddable":true,"href":"https:\/\/worldphday.org\/es\/wp-json\/wp\/v2\/comments?post=965"}],"version-history":[{"count":18,"href":"https:\/\/worldphday.org\/es\/wp-json\/wp\/v2\/pages\/965\/revisions"}],"predecessor-version":[{"id":2915,"href":"https:\/\/worldphday.org\/es\/wp-json\/wp\/v2\/pages\/965\/revisions\/2915"}],"wp:featuredmedia":[{"embeddable":true,"href":"https:\/\/worldphday.org\/es\/wp-json\/wp\/v2\/media\/2052"}],"wp:attachment":[{"href":"https:\/\/worldphday.org\/es\/wp-json\/wp\/v2\/media?parent=965"}],"curies":[{"name":"wp","href":"https:\/\/api.w.org\/{rel}","templated":true}]}}