{"id":820,"date":"2017-03-24T14:33:02","date_gmt":"2017-03-24T14:33:02","guid":{"rendered":"https:\/\/worldphday.org\/contact\/"},"modified":"2021-04-22T14:04:53","modified_gmt":"2021-04-22T12:04:53","slug":"contacto","status":"publish","type":"page","link":"https:\/\/worldphday.org\/es\/contacto\/","title":{"rendered":"Contacto"},"content":{"rendered":"<div class=\"wpb-content-wrapper\"><p>[vc_row][vc_column][vc_column_text]<\/p>\n<h1>Cont\u00e1ctenos<\/h1>\n<p>[\/vc_column_text][vc_column_text]<\/p>\n<p style=\"text-align: justify;\">Para consultas sobre el D\u00eda Mundial de HP o los eventos del D\u00eda Mundial de HP, p\u00f3ngase en contacto con <a href=\"mailto:info@phaeurope.org\" target=\"_blank\" rel=\"noopener\">info@phaeurope.org<\/a>.<\/p>\n<p style=\"text-align: justify;\">Para ver las organizaciones involucradas en el D\u00eda Mundial de HP, visite nuestra p\u00e1gina de <a title=\"Asociaciones Participantes\" href=\"https:\/\/worldphday.org\/es\/world-ph-day-socios\/\">Asociaciones Participantes<\/a>.<\/p>\n<p>[\/vc_column_text][vc_row_inner][vc_column_inner width=\u00bb2\/3&#8243;]\n<div class=\"wpcf7 no-js\" id=\"wpcf7-f1011-o1\" lang=\"es-ES\" dir=\"ltr\" data-wpcf7-id=\"1011\">\n<div class=\"screen-reader-response\"><p role=\"status\" aria-live=\"polite\" aria-atomic=\"true\"><\/p> <ul><\/ul><\/div>\n<form action=\"\/es\/wp-json\/wp\/v2\/pages\/820#wpcf7-f1011-o1\" method=\"post\" class=\"wpcf7-form init\" aria-label=\"Formulario de contacto\" novalidate=\"novalidate\" data-status=\"init\">\n<fieldset class=\"hidden-fields-container\"><input type=\"hidden\" name=\"_wpcf7\" value=\"1011\" \/><input type=\"hidden\" name=\"_wpcf7_version\" value=\"6.1.5\" \/><input type=\"hidden\" name=\"_wpcf7_locale\" value=\"es_ES\" \/><input type=\"hidden\" name=\"_wpcf7_unit_tag\" value=\"wpcf7-f1011-o1\" \/><input type=\"hidden\" name=\"_wpcf7_container_post\" value=\"0\" \/><input type=\"hidden\" name=\"_wpcf7_posted_data_hash\" value=\"\" \/><input type=\"hidden\" name=\"_wpcf7_recaptcha_response\" value=\"\" \/>\n<\/fieldset>\n<p><label> Su nombre<br \/>\n<span class=\"wpcf7-form-control-wrap\" data-name=\"your-name\"><input size=\"40\" maxlength=\"400\" class=\"wpcf7-form-control wpcf7-text wpcf7-validates-as-required\" aria-required=\"true\" aria-invalid=\"false\" value=\"\" type=\"text\" name=\"your-name\" \/><\/span> <\/label>\n<\/p>\n<p><label> Su correo electr\u00f3nico<br \/>\n<span class=\"wpcf7-form-control-wrap\" data-name=\"your-email\"><input size=\"40\" maxlength=\"400\" class=\"wpcf7-form-control wpcf7-email wpcf7-validates-as-required wpcf7-text wpcf7-validates-as-email\" aria-required=\"true\" aria-invalid=\"false\" value=\"\" type=\"email\" name=\"your-email\" \/><\/span> <\/label>\n<\/p>\n<p><label> Asunto<br \/>\n<span class=\"wpcf7-form-control-wrap\" data-name=\"your-subject\"><input size=\"40\" maxlength=\"400\" class=\"wpcf7-form-control wpcf7-text wpcf7-validates-as-required\" aria-required=\"true\" aria-invalid=\"false\" value=\"\" type=\"text\" name=\"your-subject\" \/><\/span> <\/label>\n<\/p>\n<p><label> Mensaje (opcional)<br \/>\n<span class=\"wpcf7-form-control-wrap\" data-name=\"your-message\"><textarea cols=\"40\" rows=\"10\" maxlength=\"2000\" class=\"wpcf7-form-control wpcf7-textarea\" aria-invalid=\"false\" name=\"your-message\"><\/textarea><\/span> <\/label>\n<\/p>\n<p><input class=\"wpcf7-form-control wpcf7-submit has-spinner\" type=\"submit\" value=\"Enviar\" \/>\n<\/p><div class=\"wpcf7-response-output\" aria-hidden=\"true\"><\/div>\n<\/form>\n<\/div>\n[\/vc_column_inner][vc_column_inner width=\u00bb1\/3&#8243;][vc_column_text]<\/p>\n<h2>D\u00eda Mundial de HP<\/h2>\n<p style=\"text-align: justify;\">Este sitio es administrado y mantenido por:<\/p>\n<p>[\/vc_column_text][vc_single_image image=\u00bb1381&#8243; img_size=\u00bbmedium\u00bb alignment=\u00bbcenter\u00bb style=\u00bbvc_box_shadow\u00bb onclick=\u00bbcustom_link\u00bb img_link_target=\u00bb_blank\u00bb link=\u00bbhttps:\/\/www.phaeurope.org\/\u00bb][vc_single_image image=\u00bb1385&#8243; img_size=\u00bbmedium\u00bb alignment=\u00bbcenter\u00bb style=\u00bbvc_box_shadow\u00bb onclick=\u00bbcustom_link\u00bb img_link_target=\u00bb_blank\u00bb link=\u00bbhttps:\/\/phassociation.org\/\u00bb][vc_single_image image=\u00bb1379&#8243; img_size=\u00bbmedium\u00bb alignment=\u00bbcenter\u00bb style=\u00bbvc_box_shadow\u00bb onclick=\u00bbcustom_link\u00bb img_link_target=\u00bb_blank\u00bb link=\u00bbhttps:\/\/sociedadlatinahp.org\/\u00bb][\/vc_column_inner][\/vc_row_inner][\/vc_column][\/vc_row]<\/p>\n<\/div>","protected":false},"excerpt":{"rendered":"<p>[vc_row][vc_column][vc_column_text] Cont\u00e1ctenos [\/vc_column_text][vc_column_text] Para consultas sobre el D\u00eda Mundial de HP o los eventos del D\u00eda Mundial de HP, p\u00f3ngase en contacto con info@phaeurope.org. Para ver las organizaciones involucradas en el D\u00eda Mundial de HP, visite nuestra p\u00e1gina de Asociaciones Participantes. [\/vc_column_text][vc_row_inner][vc_column_inner width=\u00bb2\/3&#8243;][\/vc_column_inner][vc_column_inner width=\u00bb1\/3&#8243;][vc_column_text] D\u00eda Mundial de HP Este sitio es administrado y mantenido por: &hellip; <\/p>\n<p class=\"link-more\"><a href=\"https:\/\/worldphday.org\/es\/contacto\/\" class=\"more-link\">Continuar leyendo<span class=\"screen-reader-text\"> \u00abContacto\u00bb<\/span><\/a><\/p>\n","protected":false},"author":1,"featured_media":1381,"parent":0,"menu_order":1000,"comment_status":"closed","ping_status":"closed","template":"","meta":{"footnotes":""},"class_list":["post-820","page","type-page","status-publish","has-post-thumbnail","hentry"],"yoast_head":"<!-- This site is optimized with the Yoast SEO plugin v27.4 - https:\/\/yoast.com\/product\/yoast-seo-wordpress\/ -->\n<title>Contacto | World PH Day - May 5, 2023<\/title>\n<meta name=\"description\" content=\"Para consultas sobre el D\u00eda Mundial de HP o los eventos del D\u00eda Mundial de HP, p\u00f3ngase en contacto con info@phaeurope.org.\" \/>\n<meta name=\"robots\" content=\"index, follow, max-snippet:-1, max-image-preview:large, max-video-preview:-1\" \/>\n<link rel=\"canonical\" href=\"https:\/\/worldphday.org\/es\/contacto\/\" \/>\n<meta property=\"og:locale\" content=\"es_ES\" \/>\n<meta property=\"og:type\" content=\"article\" \/>\n<meta property=\"og:title\" content=\"Contacto | World PH Day - May 5, 2023\" \/>\n<meta property=\"og:description\" content=\"Para consultas sobre el D\u00eda Mundial de HP o los eventos del D\u00eda Mundial de HP, p\u00f3ngase en contacto con info@phaeurope.org.\" \/>\n<meta property=\"og:url\" content=\"https:\/\/worldphday.org\/es\/contacto\/\" \/>\n<meta property=\"og:site_name\" content=\"World PH Day - May 5, 2023\" \/>\n<meta property=\"article:publisher\" content=\"https:\/\/www.facebook.com\/worldphday\" \/>\n<meta property=\"article:modified_time\" content=\"2021-04-22T12:04:53+00:00\" \/>\n<meta property=\"og:image\" content=\"https:\/\/worldphday.org\/wp-content\/uploads\/pha-europe-logo-resources.jpg\" \/>\n\t<meta property=\"og:image:width\" content=\"1147\" \/>\n\t<meta property=\"og:image:height\" content=\"321\" \/>\n\t<meta property=\"og:image:type\" content=\"image\/jpeg\" \/>\n<meta name=\"twitter:card\" content=\"summary_large_image\" \/>\n<meta name=\"twitter:site\" content=\"@worldphday\" \/>\n<meta name=\"twitter:label1\" content=\"Tiempo de lectura\" \/>\n\t<meta name=\"twitter:data1\" content=\"1 minuto\" \/>\n<script type=\"application\/ld+json\" class=\"yoast-schema-graph\">{\"@context\":\"https:\\\/\\\/schema.org\",\"@graph\":[{\"@type\":\"WebPage\",\"@id\":\"https:\\\/\\\/worldphday.org\\\/es\\\/contacto\\\/\",\"url\":\"https:\\\/\\\/worldphday.org\\\/es\\\/contacto\\\/\",\"name\":\"Contacto | World PH Day - May 5, 2023\",\"isPartOf\":{\"@id\":\"https:\\\/\\\/worldphday.org\\\/es\\\/#website\"},\"primaryImageOfPage\":{\"@id\":\"https:\\\/\\\/worldphday.org\\\/es\\\/contacto\\\/#primaryimage\"},\"image\":{\"@id\":\"https:\\\/\\\/worldphday.org\\\/es\\\/contacto\\\/#primaryimage\"},\"thumbnailUrl\":\"https:\\\/\\\/worldphday.org\\\/wp-content\\\/uploads\\\/pha-europe-logo-resources.jpg\",\"datePublished\":\"2017-03-24T14:33:02+00:00\",\"dateModified\":\"2021-04-22T12:04:53+00:00\",\"description\":\"Para consultas sobre el D\u00eda Mundial de HP o los eventos del D\u00eda Mundial de HP, p\u00f3ngase en contacto con info@phaeurope.org.\",\"breadcrumb\":{\"@id\":\"https:\\\/\\\/worldphday.org\\\/es\\\/contacto\\\/#breadcrumb\"},\"inLanguage\":\"es\",\"potentialAction\":[{\"@type\":\"ReadAction\",\"target\":[\"https:\\\/\\\/worldphday.org\\\/es\\\/contacto\\\/\"]}]},{\"@type\":\"ImageObject\",\"inLanguage\":\"es\",\"@id\":\"https:\\\/\\\/worldphday.org\\\/es\\\/contacto\\\/#primaryimage\",\"url\":\"https:\\\/\\\/worldphday.org\\\/wp-content\\\/uploads\\\/pha-europe-logo-resources.jpg\",\"contentUrl\":\"https:\\\/\\\/worldphday.org\\\/wp-content\\\/uploads\\\/pha-europe-logo-resources.jpg\",\"width\":1147,\"height\":321,\"caption\":\"PHA Europe\"},{\"@type\":\"BreadcrumbList\",\"@id\":\"https:\\\/\\\/worldphday.org\\\/es\\\/contacto\\\/#breadcrumb\",\"itemListElement\":[{\"@type\":\"ListItem\",\"position\":1,\"name\":\"Home\",\"item\":\"https:\\\/\\\/worldphday.org\\\/es\\\/\"},{\"@type\":\"ListItem\",\"position\":2,\"name\":\"Contacto\"}]},{\"@type\":\"WebSite\",\"@id\":\"https:\\\/\\\/worldphday.org\\\/es\\\/#website\",\"url\":\"https:\\\/\\\/worldphday.org\\\/es\\\/\",\"name\":\"World PH Day - May 5, 2023\",\"description\":\"10 Years togheter\",\"publisher\":{\"@id\":\"https:\\\/\\\/worldphday.org\\\/es\\\/#organization\"},\"potentialAction\":[{\"@type\":\"SearchAction\",\"target\":{\"@type\":\"EntryPoint\",\"urlTemplate\":\"https:\\\/\\\/worldphday.org\\\/es\\\/?s={search_term_string}\"},\"query-input\":{\"@type\":\"PropertyValueSpecification\",\"valueRequired\":true,\"valueName\":\"search_term_string\"}}],\"inLanguage\":\"es\"},{\"@type\":\"Organization\",\"@id\":\"https:\\\/\\\/worldphday.org\\\/es\\\/#organization\",\"name\":\"World PH Day\",\"url\":\"https:\\\/\\\/worldphday.org\\\/es\\\/\",\"logo\":{\"@type\":\"ImageObject\",\"inLanguage\":\"es\",\"@id\":\"https:\\\/\\\/worldphday.org\\\/es\\\/#\\\/schema\\\/logo\\\/image\\\/\",\"url\":\"https:\\\/\\\/worldphday.org\\\/wp-content\\\/uploads\\\/wphd-logo.png\",\"contentUrl\":\"https:\\\/\\\/worldphday.org\\\/wp-content\\\/uploads\\\/wphd-logo.png\",\"width\":270,\"height\":100,\"caption\":\"World PH Day\"},\"image\":{\"@id\":\"https:\\\/\\\/worldphday.org\\\/es\\\/#\\\/schema\\\/logo\\\/image\\\/\"},\"sameAs\":[\"https:\\\/\\\/www.facebook.com\\\/worldphday\",\"https:\\\/\\\/x.com\\\/worldphday\"]}]}<\/script>\n<!-- \/ Yoast SEO plugin. -->","yoast_head_json":{"title":"Contacto | World PH Day - May 5, 2023","description":"Para consultas sobre el D\u00eda Mundial de HP o los eventos del D\u00eda Mundial de HP, p\u00f3ngase en contacto con info@phaeurope.org.","robots":{"index":"index","follow":"follow","max-snippet":"max-snippet:-1","max-image-preview":"max-image-preview:large","max-video-preview":"max-video-preview:-1"},"canonical":"https:\/\/worldphday.org\/es\/contacto\/","og_locale":"es_ES","og_type":"article","og_title":"Contacto | World PH Day - May 5, 2023","og_description":"Para consultas sobre el D\u00eda Mundial de HP o los eventos del D\u00eda Mundial de HP, p\u00f3ngase en contacto con info@phaeurope.org.","og_url":"https:\/\/worldphday.org\/es\/contacto\/","og_site_name":"World PH Day - May 5, 2023","article_publisher":"https:\/\/www.facebook.com\/worldphday","article_modified_time":"2021-04-22T12:04:53+00:00","og_image":[{"width":1147,"height":321,"url":"https:\/\/worldphday.org\/wp-content\/uploads\/pha-europe-logo-resources.jpg","type":"image\/jpeg"}],"twitter_card":"summary_large_image","twitter_site":"@worldphday","twitter_misc":{"Tiempo de lectura":"1 minuto"},"schema":{"@context":"https:\/\/schema.org","@graph":[{"@type":"WebPage","@id":"https:\/\/worldphday.org\/es\/contacto\/","url":"https:\/\/worldphday.org\/es\/contacto\/","name":"Contacto | World PH Day - May 5, 2023","isPartOf":{"@id":"https:\/\/worldphday.org\/es\/#website"},"primaryImageOfPage":{"@id":"https:\/\/worldphday.org\/es\/contacto\/#primaryimage"},"image":{"@id":"https:\/\/worldphday.org\/es\/contacto\/#primaryimage"},"thumbnailUrl":"https:\/\/worldphday.org\/wp-content\/uploads\/pha-europe-logo-resources.jpg","datePublished":"2017-03-24T14:33:02+00:00","dateModified":"2021-04-22T12:04:53+00:00","description":"Para consultas sobre el D\u00eda Mundial de HP o los eventos del D\u00eda Mundial de HP, p\u00f3ngase en contacto con info@phaeurope.org.","breadcrumb":{"@id":"https:\/\/worldphday.org\/es\/contacto\/#breadcrumb"},"inLanguage":"es","potentialAction":[{"@type":"ReadAction","target":["https:\/\/worldphday.org\/es\/contacto\/"]}]},{"@type":"ImageObject","inLanguage":"es","@id":"https:\/\/worldphday.org\/es\/contacto\/#primaryimage","url":"https:\/\/worldphday.org\/wp-content\/uploads\/pha-europe-logo-resources.jpg","contentUrl":"https:\/\/worldphday.org\/wp-content\/uploads\/pha-europe-logo-resources.jpg","width":1147,"height":321,"caption":"PHA Europe"},{"@type":"BreadcrumbList","@id":"https:\/\/worldphday.org\/es\/contacto\/#breadcrumb","itemListElement":[{"@type":"ListItem","position":1,"name":"Home","item":"https:\/\/worldphday.org\/es\/"},{"@type":"ListItem","position":2,"name":"Contacto"}]},{"@type":"WebSite","@id":"https:\/\/worldphday.org\/es\/#website","url":"https:\/\/worldphday.org\/es\/","name":"World PH Day - May 5, 2023","description":"10 Years togheter","publisher":{"@id":"https:\/\/worldphday.org\/es\/#organization"},"potentialAction":[{"@type":"SearchAction","target":{"@type":"EntryPoint","urlTemplate":"https:\/\/worldphday.org\/es\/?s={search_term_string}"},"query-input":{"@type":"PropertyValueSpecification","valueRequired":true,"valueName":"search_term_string"}}],"inLanguage":"es"},{"@type":"Organization","@id":"https:\/\/worldphday.org\/es\/#organization","name":"World PH Day","url":"https:\/\/worldphday.org\/es\/","logo":{"@type":"ImageObject","inLanguage":"es","@id":"https:\/\/worldphday.org\/es\/#\/schema\/logo\/image\/","url":"https:\/\/worldphday.org\/wp-content\/uploads\/wphd-logo.png","contentUrl":"https:\/\/worldphday.org\/wp-content\/uploads\/wphd-logo.png","width":270,"height":100,"caption":"World PH Day"},"image":{"@id":"https:\/\/worldphday.org\/es\/#\/schema\/logo\/image\/"},"sameAs":["https:\/\/www.facebook.com\/worldphday","https:\/\/x.com\/worldphday"]}]}},"_links":{"self":[{"href":"https:\/\/worldphday.org\/es\/wp-json\/wp\/v2\/pages\/820","targetHints":{"allow":["GET"]}}],"collection":[{"href":"https:\/\/worldphday.org\/es\/wp-json\/wp\/v2\/pages"}],"about":[{"href":"https:\/\/worldphday.org\/es\/wp-json\/wp\/v2\/types\/page"}],"author":[{"embeddable":true,"href":"https:\/\/worldphday.org\/es\/wp-json\/wp\/v2\/users\/1"}],"replies":[{"embeddable":true,"href":"https:\/\/worldphday.org\/es\/wp-json\/wp\/v2\/comments?post=820"}],"version-history":[{"count":8,"href":"https:\/\/worldphday.org\/es\/wp-json\/wp\/v2\/pages\/820\/revisions"}],"predecessor-version":[{"id":1831,"href":"https:\/\/worldphday.org\/es\/wp-json\/wp\/v2\/pages\/820\/revisions\/1831"}],"wp:featuredmedia":[{"embeddable":true,"href":"https:\/\/worldphday.org\/es\/wp-json\/wp\/v2\/media\/1381"}],"wp:attachment":[{"href":"https:\/\/worldphday.org\/es\/wp-json\/wp\/v2\/media?parent=820"}],"curies":[{"name":"wp","href":"https:\/\/api.w.org\/{rel}","templated":true}]}}