{"id":2926,"date":"2023-04-12T10:56:37","date_gmt":"2023-04-12T08:56:37","guid":{"rendered":"https:\/\/worldphday.org\/children-and-ph\/"},"modified":"2023-04-25T10:14:03","modified_gmt":"2023-04-25T08:14:03","slug":"los-ninos-y-hp","status":"publish","type":"page","link":"https:\/\/worldphday.org\/es\/los-ninos-y-hp\/","title":{"rendered":"Los ni\u00f1os y HP"},"content":{"rendered":"<div class=\"wpb-content-wrapper\"><p>[vc_row][vc_column][vc_column_text]<\/p>\n<h1>Los ni\u00f1os y HP<\/h1>\n<p>[\/vc_column_text][vc_row_inner][vc_column_inner width=\u00bb2\/3&#8243;][vc_column_text]<\/p>\n<p style=\"text-align: justify;\">HP puede afectar a cualquiera. La enfermedad no conoce fronteras, tanto hombres como mujeres pueden contraer HP incluidas personas de cualquier raza. Tambi\u00e9n golpea a cualquier edad \u2013 incluso a ni\u00f1os peque\u00f1os.<\/p>\n<p style=\"text-align: justify;\">Esta es la historia de una ni\u00f1a peque\u00f1a que contrajo HP. Los m\u00e9dicos no esperaban que llegase a los 10 a\u00f1os. Ahora tiene veintitantos y es licenciada en la Universidad de Harvard. Su nombre es Maleen y \u00a1es la responsable de los efectos visuales del D\u00eda Mundial de HP de este a\u00f1o!<\/p>\n<p>Lee m\u00e1s sobre su historia asombrosa en su libro que se puede descargar <a title=\"As If There Were No Tomorrow - E-book - Maleen Fischer - Storytel\" href=\"https:\/\/worldphday.org\/wp-content\/uploads\/as-if-there-were-no-tomorrow-e-book-maleen-fischer-storytel.pdf\" target=\"_blank&quot;\" rel=\"noopener\">aqu\u00ed<\/a>.[\/vc_column_text][\/vc_column_inner][vc_column_inner width=\u00bb1\/3&#8243;][vc_single_image image=\u00bb2869&#8243; img_size=\u00bblarge\u00bb add_caption=\u00bbyes\u00bb alignment=\u00bbcenter\u00bb style=\u00bbvc_box_border\u00bb onclick=\u00bbcustom_link\u00bb img_link_target=\u00bb_blank\u00bb link=\u00bbhttps:\/\/worldphday.org\/wp-content\/uploads\/as-if-there-were-no-tomorrow-e-book-maleen-fischer-storytel.pdf\u00bb][\/vc_column_inner][\/vc_row_inner][vc_column_text]<\/p>\n<p style=\"text-align: justify;\">Para nuestro d\u00e9cimo aniversario del D\u00eda Mundial de HP (WPHD), hemos creado un v\u00eddeo que ve la HP a trav\u00e9s de los ojos de una ni\u00f1a enferma. Se puede ver en este enlace:<\/p>\n<p>[\/vc_column_text][vc_row_inner][vc_column_inner width=\u00bb1\/4&#8243;][\/vc_column_inner][vc_column_inner width=\u00bb1\/2&#8243;][vc_column_text]<\/p>\n<div style=\"width: 525px;\" class=\"wp-video\"><video class=\"wp-video-shortcode\" id=\"video-2926-1\" width=\"525\" height=\"295\" poster=\"https:\/\/worldphday.org\/wp-content\/uploads\/wphd-10th-anniversary-video-mp4-image.jpg\" preload=\"metadata\" controls=\"controls\"><source type=\"video\/mp4\" src=\"https:\/\/worldphday.org\/wp-content\/uploads\/wphd-10th-anniversary-video-with-esp-sub.mp4?_=1\" \/><a href=\"https:\/\/worldphday.org\/wp-content\/uploads\/wphd-10th-anniversary-video-with-esp-sub.mp4\">https:\/\/worldphday.org\/wp-content\/uploads\/wphd-10th-anniversary-video-with-esp-sub.mp4<\/a><\/video><\/div>\n<p>[\/vc_column_text][\/vc_column_inner][vc_column_inner width=\u00bb1\/4&#8243;][\/vc_column_inner][\/vc_row_inner][\/vc_column][\/vc_row]<\/p>\n<\/div>","protected":false},"excerpt":{"rendered":"<p>[vc_row][vc_column][vc_column_text] Los ni\u00f1os y HP [\/vc_column_text][vc_row_inner][vc_column_inner width=\u00bb2\/3&#8243;][vc_column_text] HP puede afectar a cualquiera. La enfermedad no conoce fronteras, tanto hombres como mujeres pueden contraer HP incluidas personas de cualquier raza. Tambi\u00e9n golpea a cualquier edad \u2013 incluso a ni\u00f1os peque\u00f1os. Esta es la historia de una ni\u00f1a peque\u00f1a que contrajo HP. Los m\u00e9dicos no esperaban que &hellip; <\/p>\n<p class=\"link-more\"><a href=\"https:\/\/worldphday.org\/es\/los-ninos-y-hp\/\" class=\"more-link\">Continuar leyendo<span class=\"screen-reader-text\"> \u00abLos ni\u00f1os y HP\u00bb<\/span><\/a><\/p>\n","protected":false},"author":4,"featured_media":2869,"parent":0,"menu_order":250,"comment_status":"closed","ping_status":"closed","template":"","meta":{"footnotes":""},"class_list":["post-2926","page","type-page","status-publish","has-post-thumbnail","hentry"],"yoast_head":"<!-- This site is optimized with the Yoast SEO plugin v27.3 - https:\/\/yoast.com\/product\/yoast-seo-wordpress\/ -->\n<title>Los ni\u00f1os y HP | World PH Day - May 5, 2023<\/title>\n<meta name=\"robots\" content=\"index, follow, max-snippet:-1, max-image-preview:large, max-video-preview:-1\" \/>\n<link rel=\"canonical\" href=\"https:\/\/worldphday.org\/es\/los-ninos-y-hp\/\" \/>\n<meta property=\"og:locale\" content=\"es_ES\" \/>\n<meta property=\"og:type\" content=\"article\" \/>\n<meta property=\"og:title\" content=\"Los ni\u00f1os y HP | World PH Day - May 5, 2023\" \/>\n<meta property=\"og:description\" content=\"[vc_row][vc_column][vc_column_text] Los ni\u00f1os y HP [\/vc_column_text][vc_row_inner][vc_column_inner width=\u00bb2\/3&#8243;][vc_column_text] HP puede afectar a cualquiera. La enfermedad no conoce fronteras, tanto hombres como mujeres pueden contraer HP incluidas personas de cualquier raza. Tambi\u00e9n golpea a cualquier edad \u2013 incluso a ni\u00f1os peque\u00f1os. Esta es la historia de una ni\u00f1a peque\u00f1a que contrajo HP. Los m\u00e9dicos no esperaban que &hellip; Continuar leyendo &quot;Los ni\u00f1os y HP&quot;\" \/>\n<meta property=\"og:url\" content=\"https:\/\/worldphday.org\/es\/los-ninos-y-hp\/\" \/>\n<meta property=\"og:site_name\" content=\"World PH Day - May 5, 2023\" \/>\n<meta property=\"article:publisher\" content=\"https:\/\/www.facebook.com\/worldphday\" \/>\n<meta property=\"article:modified_time\" content=\"2023-04-25T08:14:03+00:00\" \/>\n<meta property=\"og:image\" content=\"https:\/\/worldphday.org\/wp-content\/uploads\/as-if-there-were-no-tomorrow-e-book-maleen-fischer-storytel.jpeg\" \/>\n\t<meta property=\"og:image:width\" content=\"432\" \/>\n\t<meta property=\"og:image:height\" content=\"640\" \/>\n\t<meta property=\"og:image:type\" content=\"image\/jpeg\" \/>\n<meta name=\"twitter:card\" content=\"summary_large_image\" \/>\n<meta name=\"twitter:site\" content=\"@worldphday\" \/>\n<meta name=\"twitter:label1\" content=\"Tiempo de lectura\" \/>\n\t<meta name=\"twitter:data1\" content=\"1 minuto\" \/>\n<script type=\"application\/ld+json\" class=\"yoast-schema-graph\">{\"@context\":\"https:\\\/\\\/schema.org\",\"@graph\":[{\"@type\":\"WebPage\",\"@id\":\"https:\\\/\\\/worldphday.org\\\/es\\\/los-ninos-y-hp\\\/\",\"url\":\"https:\\\/\\\/worldphday.org\\\/es\\\/los-ninos-y-hp\\\/\",\"name\":\"Los ni\u00f1os y HP | World PH Day - May 5, 2023\",\"isPartOf\":{\"@id\":\"https:\\\/\\\/worldphday.org\\\/es\\\/#website\"},\"primaryImageOfPage\":{\"@id\":\"https:\\\/\\\/worldphday.org\\\/es\\\/los-ninos-y-hp\\\/#primaryimage\"},\"image\":{\"@id\":\"https:\\\/\\\/worldphday.org\\\/es\\\/los-ninos-y-hp\\\/#primaryimage\"},\"thumbnailUrl\":\"https:\\\/\\\/worldphday.org\\\/wp-content\\\/uploads\\\/as-if-there-were-no-tomorrow-e-book-maleen-fischer-storytel.jpeg\",\"datePublished\":\"2023-04-12T08:56:37+00:00\",\"dateModified\":\"2023-04-25T08:14:03+00:00\",\"breadcrumb\":{\"@id\":\"https:\\\/\\\/worldphday.org\\\/es\\\/los-ninos-y-hp\\\/#breadcrumb\"},\"inLanguage\":\"es\",\"potentialAction\":[{\"@type\":\"ReadAction\",\"target\":[\"https:\\\/\\\/worldphday.org\\\/es\\\/los-ninos-y-hp\\\/\"]}]},{\"@type\":\"ImageObject\",\"inLanguage\":\"es\",\"@id\":\"https:\\\/\\\/worldphday.org\\\/es\\\/los-ninos-y-hp\\\/#primaryimage\",\"url\":\"https:\\\/\\\/worldphday.org\\\/wp-content\\\/uploads\\\/as-if-there-were-no-tomorrow-e-book-maleen-fischer-storytel.jpeg\",\"contentUrl\":\"https:\\\/\\\/worldphday.org\\\/wp-content\\\/uploads\\\/as-if-there-were-no-tomorrow-e-book-maleen-fischer-storytel.jpeg\",\"width\":432,\"height\":640,\"caption\":\"As If There Were No Tomorrow - E-book - Maleen Fischer - Storytel\"},{\"@type\":\"BreadcrumbList\",\"@id\":\"https:\\\/\\\/worldphday.org\\\/es\\\/los-ninos-y-hp\\\/#breadcrumb\",\"itemListElement\":[{\"@type\":\"ListItem\",\"position\":1,\"name\":\"Home\",\"item\":\"https:\\\/\\\/worldphday.org\\\/es\\\/\"},{\"@type\":\"ListItem\",\"position\":2,\"name\":\"Los ni\u00f1os y HP\"}]},{\"@type\":\"WebSite\",\"@id\":\"https:\\\/\\\/worldphday.org\\\/es\\\/#website\",\"url\":\"https:\\\/\\\/worldphday.org\\\/es\\\/\",\"name\":\"World PH Day - May 5, 2023\",\"description\":\"10 Years togheter\",\"publisher\":{\"@id\":\"https:\\\/\\\/worldphday.org\\\/es\\\/#organization\"},\"potentialAction\":[{\"@type\":\"SearchAction\",\"target\":{\"@type\":\"EntryPoint\",\"urlTemplate\":\"https:\\\/\\\/worldphday.org\\\/es\\\/?s={search_term_string}\"},\"query-input\":{\"@type\":\"PropertyValueSpecification\",\"valueRequired\":true,\"valueName\":\"search_term_string\"}}],\"inLanguage\":\"es\"},{\"@type\":\"Organization\",\"@id\":\"https:\\\/\\\/worldphday.org\\\/es\\\/#organization\",\"name\":\"World PH Day\",\"url\":\"https:\\\/\\\/worldphday.org\\\/es\\\/\",\"logo\":{\"@type\":\"ImageObject\",\"inLanguage\":\"es\",\"@id\":\"https:\\\/\\\/worldphday.org\\\/es\\\/#\\\/schema\\\/logo\\\/image\\\/\",\"url\":\"https:\\\/\\\/worldphday.org\\\/wp-content\\\/uploads\\\/wphd-logo.png\",\"contentUrl\":\"https:\\\/\\\/worldphday.org\\\/wp-content\\\/uploads\\\/wphd-logo.png\",\"width\":270,\"height\":100,\"caption\":\"World PH Day\"},\"image\":{\"@id\":\"https:\\\/\\\/worldphday.org\\\/es\\\/#\\\/schema\\\/logo\\\/image\\\/\"},\"sameAs\":[\"https:\\\/\\\/www.facebook.com\\\/worldphday\",\"https:\\\/\\\/x.com\\\/worldphday\"]}]}<\/script>\n<!-- \/ Yoast SEO plugin. -->","yoast_head_json":{"title":"Los ni\u00f1os y HP | World PH Day - May 5, 2023","robots":{"index":"index","follow":"follow","max-snippet":"max-snippet:-1","max-image-preview":"max-image-preview:large","max-video-preview":"max-video-preview:-1"},"canonical":"https:\/\/worldphday.org\/es\/los-ninos-y-hp\/","og_locale":"es_ES","og_type":"article","og_title":"Los ni\u00f1os y HP | World PH Day - May 5, 2023","og_description":"[vc_row][vc_column][vc_column_text] Los ni\u00f1os y HP [\/vc_column_text][vc_row_inner][vc_column_inner width=\u00bb2\/3&#8243;][vc_column_text] HP puede afectar a cualquiera. La enfermedad no conoce fronteras, tanto hombres como mujeres pueden contraer HP incluidas personas de cualquier raza. Tambi\u00e9n golpea a cualquier edad \u2013 incluso a ni\u00f1os peque\u00f1os. Esta es la historia de una ni\u00f1a peque\u00f1a que contrajo HP. Los m\u00e9dicos no esperaban que &hellip; Continuar leyendo \"Los ni\u00f1os y HP\"","og_url":"https:\/\/worldphday.org\/es\/los-ninos-y-hp\/","og_site_name":"World PH Day - May 5, 2023","article_publisher":"https:\/\/www.facebook.com\/worldphday","article_modified_time":"2023-04-25T08:14:03+00:00","og_image":[{"width":432,"height":640,"url":"https:\/\/worldphday.org\/wp-content\/uploads\/as-if-there-were-no-tomorrow-e-book-maleen-fischer-storytel.jpeg","type":"image\/jpeg"}],"twitter_card":"summary_large_image","twitter_site":"@worldphday","twitter_misc":{"Tiempo de lectura":"1 minuto"},"schema":{"@context":"https:\/\/schema.org","@graph":[{"@type":"WebPage","@id":"https:\/\/worldphday.org\/es\/los-ninos-y-hp\/","url":"https:\/\/worldphday.org\/es\/los-ninos-y-hp\/","name":"Los ni\u00f1os y HP | World PH Day - May 5, 2023","isPartOf":{"@id":"https:\/\/worldphday.org\/es\/#website"},"primaryImageOfPage":{"@id":"https:\/\/worldphday.org\/es\/los-ninos-y-hp\/#primaryimage"},"image":{"@id":"https:\/\/worldphday.org\/es\/los-ninos-y-hp\/#primaryimage"},"thumbnailUrl":"https:\/\/worldphday.org\/wp-content\/uploads\/as-if-there-were-no-tomorrow-e-book-maleen-fischer-storytel.jpeg","datePublished":"2023-04-12T08:56:37+00:00","dateModified":"2023-04-25T08:14:03+00:00","breadcrumb":{"@id":"https:\/\/worldphday.org\/es\/los-ninos-y-hp\/#breadcrumb"},"inLanguage":"es","potentialAction":[{"@type":"ReadAction","target":["https:\/\/worldphday.org\/es\/los-ninos-y-hp\/"]}]},{"@type":"ImageObject","inLanguage":"es","@id":"https:\/\/worldphday.org\/es\/los-ninos-y-hp\/#primaryimage","url":"https:\/\/worldphday.org\/wp-content\/uploads\/as-if-there-were-no-tomorrow-e-book-maleen-fischer-storytel.jpeg","contentUrl":"https:\/\/worldphday.org\/wp-content\/uploads\/as-if-there-were-no-tomorrow-e-book-maleen-fischer-storytel.jpeg","width":432,"height":640,"caption":"As If There Were No Tomorrow - E-book - Maleen Fischer - Storytel"},{"@type":"BreadcrumbList","@id":"https:\/\/worldphday.org\/es\/los-ninos-y-hp\/#breadcrumb","itemListElement":[{"@type":"ListItem","position":1,"name":"Home","item":"https:\/\/worldphday.org\/es\/"},{"@type":"ListItem","position":2,"name":"Los ni\u00f1os y HP"}]},{"@type":"WebSite","@id":"https:\/\/worldphday.org\/es\/#website","url":"https:\/\/worldphday.org\/es\/","name":"World PH Day - May 5, 2023","description":"10 Years togheter","publisher":{"@id":"https:\/\/worldphday.org\/es\/#organization"},"potentialAction":[{"@type":"SearchAction","target":{"@type":"EntryPoint","urlTemplate":"https:\/\/worldphday.org\/es\/?s={search_term_string}"},"query-input":{"@type":"PropertyValueSpecification","valueRequired":true,"valueName":"search_term_string"}}],"inLanguage":"es"},{"@type":"Organization","@id":"https:\/\/worldphday.org\/es\/#organization","name":"World PH Day","url":"https:\/\/worldphday.org\/es\/","logo":{"@type":"ImageObject","inLanguage":"es","@id":"https:\/\/worldphday.org\/es\/#\/schema\/logo\/image\/","url":"https:\/\/worldphday.org\/wp-content\/uploads\/wphd-logo.png","contentUrl":"https:\/\/worldphday.org\/wp-content\/uploads\/wphd-logo.png","width":270,"height":100,"caption":"World PH Day"},"image":{"@id":"https:\/\/worldphday.org\/es\/#\/schema\/logo\/image\/"},"sameAs":["https:\/\/www.facebook.com\/worldphday","https:\/\/x.com\/worldphday"]}]}},"_links":{"self":[{"href":"https:\/\/worldphday.org\/es\/wp-json\/wp\/v2\/pages\/2926","targetHints":{"allow":["GET"]}}],"collection":[{"href":"https:\/\/worldphday.org\/es\/wp-json\/wp\/v2\/pages"}],"about":[{"href":"https:\/\/worldphday.org\/es\/wp-json\/wp\/v2\/types\/page"}],"author":[{"embeddable":true,"href":"https:\/\/worldphday.org\/es\/wp-json\/wp\/v2\/users\/4"}],"replies":[{"embeddable":true,"href":"https:\/\/worldphday.org\/es\/wp-json\/wp\/v2\/comments?post=2926"}],"version-history":[{"count":7,"href":"https:\/\/worldphday.org\/es\/wp-json\/wp\/v2\/pages\/2926\/revisions"}],"predecessor-version":[{"id":3038,"href":"https:\/\/worldphday.org\/es\/wp-json\/wp\/v2\/pages\/2926\/revisions\/3038"}],"wp:featuredmedia":[{"embeddable":true,"href":"https:\/\/worldphday.org\/es\/wp-json\/wp\/v2\/media\/2869"}],"wp:attachment":[{"href":"https:\/\/worldphday.org\/es\/wp-json\/wp\/v2\/media?parent=2926"}],"curies":[{"name":"wp","href":"https:\/\/api.w.org\/{rel}","templated":true}]}}