{"id":1878,"date":"2017-04-03T17:26:58","date_gmt":"2017-04-03T17:26:58","guid":{"rendered":"https:\/\/worldphday.org\/website-disclaimer\/"},"modified":"2021-04-22T14:11:14","modified_gmt":"2021-04-22T12:11:14","slug":"descargo-de-responsabilidad","status":"publish","type":"page","link":"https:\/\/worldphday.org\/es\/descargo-de-responsabilidad\/","title":{"rendered":"Descargo de responsabilidad"},"content":{"rendered":"<div class=\"wpb-content-wrapper\"><p>[vc_row][vc_column][vc_column_text]<\/p>\n<h1>Descargo de responsabilidad<\/h1>\n<p>[\/vc_column_text][vc_row_inner][vc_column_inner width=\u00bb2\/3&#8243;][vc_column_text]<\/p>\n<p style=\"text-align: justify;\">La informaci\u00f3n proporcionada en el sitio web del D\u00eda Mundial de HP se proporciona solo como informaci\u00f3n general. No pretende ser un consejo legal, m\u00e9dico o profesional y no debe utilizarse como un sustituto de las consultas con profesionales calificados que conocen sus necesidades individuales.<\/p>\n<p>[\/vc_column_text][\/vc_column_inner][vc_column_inner width=\u00bb1\/3&#8243;][vc_single_image image=\u00bb1021&#8243; img_size=\u00bbmedium\u00bb alignment=\u00bbcenter\u00bb onclick=\u00bbcustom_link\u00bb link=\u00bbhttps:\/\/worldphday.org\/\u00bb][\/vc_column_inner][\/vc_row_inner][\/vc_column][\/vc_row]<\/p>\n<\/div>","protected":false},"excerpt":{"rendered":"<p>[vc_row][vc_column][vc_column_text] Descargo de responsabilidad [\/vc_column_text][vc_row_inner][vc_column_inner width=\u00bb2\/3&#8243;][vc_column_text] La informaci\u00f3n proporcionada en el sitio web del D\u00eda Mundial de HP se proporciona solo como informaci\u00f3n general. No pretende ser un consejo legal, m\u00e9dico o profesional y no debe utilizarse como un sustituto de las consultas con profesionales calificados que conocen sus necesidades individuales. [\/vc_column_text][\/vc_column_inner][vc_column_inner width=\u00bb1\/3&#8243;][vc_single_image image=\u00bb1021&#8243; img_size=\u00bbmedium\u00bb &hellip; <\/p>\n<p class=\"link-more\"><a href=\"https:\/\/worldphday.org\/es\/descargo-de-responsabilidad\/\" class=\"more-link\">Continuar leyendo<span class=\"screen-reader-text\"> \u00abDescargo de responsabilidad\u00bb<\/span><\/a><\/p>\n","protected":false},"author":1,"featured_media":1710,"parent":0,"menu_order":1700,"comment_status":"closed","ping_status":"closed","template":"","meta":{"footnotes":""},"class_list":["post-1878","page","type-page","status-publish","has-post-thumbnail","hentry"],"yoast_head":"<!-- This site is optimized with the Yoast SEO plugin v27.3 - https:\/\/yoast.com\/product\/yoast-seo-wordpress\/ -->\n<title>Descargo de responsabilidad | World PH Day - May 5, 2023<\/title>\n<meta name=\"description\" content=\"La informaci\u00f3n proporcionada en el sitio web del D\u00eda Mundial de HP se proporciona solo como informaci\u00f3n general.\" \/>\n<meta name=\"robots\" content=\"index, follow, max-snippet:-1, max-image-preview:large, max-video-preview:-1\" \/>\n<link rel=\"canonical\" href=\"https:\/\/worldphday.org\/es\/descargo-de-responsabilidad\/\" \/>\n<meta property=\"og:locale\" content=\"es_ES\" \/>\n<meta property=\"og:type\" content=\"article\" \/>\n<meta property=\"og:title\" content=\"Descargo de responsabilidad | World PH Day - May 5, 2023\" \/>\n<meta property=\"og:description\" content=\"La informaci\u00f3n proporcionada en el sitio web del D\u00eda Mundial de HP se proporciona solo como informaci\u00f3n general.\" \/>\n<meta property=\"og:url\" content=\"https:\/\/worldphday.org\/es\/descargo-de-responsabilidad\/\" \/>\n<meta property=\"og:site_name\" content=\"World PH Day - May 5, 2023\" \/>\n<meta property=\"article:publisher\" content=\"https:\/\/www.facebook.com\/worldphday\" \/>\n<meta property=\"article:modified_time\" content=\"2021-04-22T12:11:14+00:00\" \/>\n<meta property=\"og:image\" content=\"https:\/\/worldphday.org\/wp-content\/uploads\/get-world-pulmonary-hypertension-day-logo-wphd-2021.png\" \/>\n\t<meta property=\"og:image:width\" content=\"500\" \/>\n\t<meta property=\"og:image:height\" content=\"493\" \/>\n\t<meta property=\"og:image:type\" content=\"image\/png\" \/>\n<meta name=\"twitter:card\" content=\"summary_large_image\" \/>\n<meta name=\"twitter:site\" content=\"@worldphday\" \/>\n<meta name=\"twitter:label1\" content=\"Tiempo de lectura\" \/>\n\t<meta name=\"twitter:data1\" content=\"1 minuto\" \/>\n<script type=\"application\/ld+json\" class=\"yoast-schema-graph\">{\"@context\":\"https:\\\/\\\/schema.org\",\"@graph\":[{\"@type\":\"WebPage\",\"@id\":\"https:\\\/\\\/worldphday.org\\\/es\\\/descargo-de-responsabilidad\\\/\",\"url\":\"https:\\\/\\\/worldphday.org\\\/es\\\/descargo-de-responsabilidad\\\/\",\"name\":\"Descargo de responsabilidad | World PH Day - May 5, 2023\",\"isPartOf\":{\"@id\":\"https:\\\/\\\/worldphday.org\\\/es\\\/#website\"},\"primaryImageOfPage\":{\"@id\":\"https:\\\/\\\/worldphday.org\\\/es\\\/descargo-de-responsabilidad\\\/#primaryimage\"},\"image\":{\"@id\":\"https:\\\/\\\/worldphday.org\\\/es\\\/descargo-de-responsabilidad\\\/#primaryimage\"},\"thumbnailUrl\":\"https:\\\/\\\/worldphday.org\\\/wp-content\\\/uploads\\\/get-world-pulmonary-hypertension-day-logo-wphd-2021.png\",\"datePublished\":\"2017-04-03T17:26:58+00:00\",\"dateModified\":\"2021-04-22T12:11:14+00:00\",\"description\":\"La informaci\u00f3n proporcionada en el sitio web del D\u00eda Mundial de HP se proporciona solo como informaci\u00f3n general.\",\"breadcrumb\":{\"@id\":\"https:\\\/\\\/worldphday.org\\\/es\\\/descargo-de-responsabilidad\\\/#breadcrumb\"},\"inLanguage\":\"es\",\"potentialAction\":[{\"@type\":\"ReadAction\",\"target\":[\"https:\\\/\\\/worldphday.org\\\/es\\\/descargo-de-responsabilidad\\\/\"]}]},{\"@type\":\"ImageObject\",\"inLanguage\":\"es\",\"@id\":\"https:\\\/\\\/worldphday.org\\\/es\\\/descargo-de-responsabilidad\\\/#primaryimage\",\"url\":\"https:\\\/\\\/worldphday.org\\\/wp-content\\\/uploads\\\/get-world-pulmonary-hypertension-day-logo-wphd-2021.png\",\"contentUrl\":\"https:\\\/\\\/worldphday.org\\\/wp-content\\\/uploads\\\/get-world-pulmonary-hypertension-day-logo-wphd-2021.png\",\"width\":500,\"height\":493,\"caption\":\"Get World Pulmonary Hypertension Day logo - WPHD 2021\"},{\"@type\":\"BreadcrumbList\",\"@id\":\"https:\\\/\\\/worldphday.org\\\/es\\\/descargo-de-responsabilidad\\\/#breadcrumb\",\"itemListElement\":[{\"@type\":\"ListItem\",\"position\":1,\"name\":\"Home\",\"item\":\"https:\\\/\\\/worldphday.org\\\/es\\\/\"},{\"@type\":\"ListItem\",\"position\":2,\"name\":\"Descargo de responsabilidad\"}]},{\"@type\":\"WebSite\",\"@id\":\"https:\\\/\\\/worldphday.org\\\/es\\\/#website\",\"url\":\"https:\\\/\\\/worldphday.org\\\/es\\\/\",\"name\":\"World PH Day - May 5, 2023\",\"description\":\"10 Years togheter\",\"publisher\":{\"@id\":\"https:\\\/\\\/worldphday.org\\\/es\\\/#organization\"},\"potentialAction\":[{\"@type\":\"SearchAction\",\"target\":{\"@type\":\"EntryPoint\",\"urlTemplate\":\"https:\\\/\\\/worldphday.org\\\/es\\\/?s={search_term_string}\"},\"query-input\":{\"@type\":\"PropertyValueSpecification\",\"valueRequired\":true,\"valueName\":\"search_term_string\"}}],\"inLanguage\":\"es\"},{\"@type\":\"Organization\",\"@id\":\"https:\\\/\\\/worldphday.org\\\/es\\\/#organization\",\"name\":\"World PH Day\",\"url\":\"https:\\\/\\\/worldphday.org\\\/es\\\/\",\"logo\":{\"@type\":\"ImageObject\",\"inLanguage\":\"es\",\"@id\":\"https:\\\/\\\/worldphday.org\\\/es\\\/#\\\/schema\\\/logo\\\/image\\\/\",\"url\":\"https:\\\/\\\/worldphday.org\\\/wp-content\\\/uploads\\\/wphd-logo.png\",\"contentUrl\":\"https:\\\/\\\/worldphday.org\\\/wp-content\\\/uploads\\\/wphd-logo.png\",\"width\":270,\"height\":100,\"caption\":\"World PH Day\"},\"image\":{\"@id\":\"https:\\\/\\\/worldphday.org\\\/es\\\/#\\\/schema\\\/logo\\\/image\\\/\"},\"sameAs\":[\"https:\\\/\\\/www.facebook.com\\\/worldphday\",\"https:\\\/\\\/x.com\\\/worldphday\"]}]}<\/script>\n<!-- \/ Yoast SEO plugin. -->","yoast_head_json":{"title":"Descargo de responsabilidad | World PH Day - May 5, 2023","description":"La informaci\u00f3n proporcionada en el sitio web del D\u00eda Mundial de HP se proporciona solo como informaci\u00f3n general.","robots":{"index":"index","follow":"follow","max-snippet":"max-snippet:-1","max-image-preview":"max-image-preview:large","max-video-preview":"max-video-preview:-1"},"canonical":"https:\/\/worldphday.org\/es\/descargo-de-responsabilidad\/","og_locale":"es_ES","og_type":"article","og_title":"Descargo de responsabilidad | World PH Day - May 5, 2023","og_description":"La informaci\u00f3n proporcionada en el sitio web del D\u00eda Mundial de HP se proporciona solo como informaci\u00f3n general.","og_url":"https:\/\/worldphday.org\/es\/descargo-de-responsabilidad\/","og_site_name":"World PH Day - May 5, 2023","article_publisher":"https:\/\/www.facebook.com\/worldphday","article_modified_time":"2021-04-22T12:11:14+00:00","og_image":[{"width":500,"height":493,"url":"https:\/\/worldphday.org\/wp-content\/uploads\/get-world-pulmonary-hypertension-day-logo-wphd-2021.png","type":"image\/png"}],"twitter_card":"summary_large_image","twitter_site":"@worldphday","twitter_misc":{"Tiempo de lectura":"1 minuto"},"schema":{"@context":"https:\/\/schema.org","@graph":[{"@type":"WebPage","@id":"https:\/\/worldphday.org\/es\/descargo-de-responsabilidad\/","url":"https:\/\/worldphday.org\/es\/descargo-de-responsabilidad\/","name":"Descargo de responsabilidad | World PH Day - May 5, 2023","isPartOf":{"@id":"https:\/\/worldphday.org\/es\/#website"},"primaryImageOfPage":{"@id":"https:\/\/worldphday.org\/es\/descargo-de-responsabilidad\/#primaryimage"},"image":{"@id":"https:\/\/worldphday.org\/es\/descargo-de-responsabilidad\/#primaryimage"},"thumbnailUrl":"https:\/\/worldphday.org\/wp-content\/uploads\/get-world-pulmonary-hypertension-day-logo-wphd-2021.png","datePublished":"2017-04-03T17:26:58+00:00","dateModified":"2021-04-22T12:11:14+00:00","description":"La informaci\u00f3n proporcionada en el sitio web del D\u00eda Mundial de HP se proporciona solo como informaci\u00f3n general.","breadcrumb":{"@id":"https:\/\/worldphday.org\/es\/descargo-de-responsabilidad\/#breadcrumb"},"inLanguage":"es","potentialAction":[{"@type":"ReadAction","target":["https:\/\/worldphday.org\/es\/descargo-de-responsabilidad\/"]}]},{"@type":"ImageObject","inLanguage":"es","@id":"https:\/\/worldphday.org\/es\/descargo-de-responsabilidad\/#primaryimage","url":"https:\/\/worldphday.org\/wp-content\/uploads\/get-world-pulmonary-hypertension-day-logo-wphd-2021.png","contentUrl":"https:\/\/worldphday.org\/wp-content\/uploads\/get-world-pulmonary-hypertension-day-logo-wphd-2021.png","width":500,"height":493,"caption":"Get World Pulmonary Hypertension Day logo - WPHD 2021"},{"@type":"BreadcrumbList","@id":"https:\/\/worldphday.org\/es\/descargo-de-responsabilidad\/#breadcrumb","itemListElement":[{"@type":"ListItem","position":1,"name":"Home","item":"https:\/\/worldphday.org\/es\/"},{"@type":"ListItem","position":2,"name":"Descargo de responsabilidad"}]},{"@type":"WebSite","@id":"https:\/\/worldphday.org\/es\/#website","url":"https:\/\/worldphday.org\/es\/","name":"World PH Day - May 5, 2023","description":"10 Years togheter","publisher":{"@id":"https:\/\/worldphday.org\/es\/#organization"},"potentialAction":[{"@type":"SearchAction","target":{"@type":"EntryPoint","urlTemplate":"https:\/\/worldphday.org\/es\/?s={search_term_string}"},"query-input":{"@type":"PropertyValueSpecification","valueRequired":true,"valueName":"search_term_string"}}],"inLanguage":"es"},{"@type":"Organization","@id":"https:\/\/worldphday.org\/es\/#organization","name":"World PH Day","url":"https:\/\/worldphday.org\/es\/","logo":{"@type":"ImageObject","inLanguage":"es","@id":"https:\/\/worldphday.org\/es\/#\/schema\/logo\/image\/","url":"https:\/\/worldphday.org\/wp-content\/uploads\/wphd-logo.png","contentUrl":"https:\/\/worldphday.org\/wp-content\/uploads\/wphd-logo.png","width":270,"height":100,"caption":"World PH Day"},"image":{"@id":"https:\/\/worldphday.org\/es\/#\/schema\/logo\/image\/"},"sameAs":["https:\/\/www.facebook.com\/worldphday","https:\/\/x.com\/worldphday"]}]}},"_links":{"self":[{"href":"https:\/\/worldphday.org\/es\/wp-json\/wp\/v2\/pages\/1878","targetHints":{"allow":["GET"]}}],"collection":[{"href":"https:\/\/worldphday.org\/es\/wp-json\/wp\/v2\/pages"}],"about":[{"href":"https:\/\/worldphday.org\/es\/wp-json\/wp\/v2\/types\/page"}],"author":[{"embeddable":true,"href":"https:\/\/worldphday.org\/es\/wp-json\/wp\/v2\/users\/1"}],"replies":[{"embeddable":true,"href":"https:\/\/worldphday.org\/es\/wp-json\/wp\/v2\/comments?post=1878"}],"version-history":[{"count":5,"href":"https:\/\/worldphday.org\/es\/wp-json\/wp\/v2\/pages\/1878\/revisions"}],"predecessor-version":[{"id":1903,"href":"https:\/\/worldphday.org\/es\/wp-json\/wp\/v2\/pages\/1878\/revisions\/1903"}],"wp:featuredmedia":[{"embeddable":true,"href":"https:\/\/worldphday.org\/es\/wp-json\/wp\/v2\/media\/1710"}],"wp:attachment":[{"href":"https:\/\/worldphday.org\/es\/wp-json\/wp\/v2\/media?parent=1878"}],"curies":[{"name":"wp","href":"https:\/\/api.w.org\/{rel}","templated":true}]}}