{"id":1863,"date":"2017-04-03T17:57:36","date_gmt":"2017-04-03T17:57:36","guid":{"rendered":"https:\/\/worldphday.org\/imprint\/"},"modified":"2021-04-22T14:06:46","modified_gmt":"2021-04-22T12:06:46","slug":"impresion","status":"publish","type":"page","link":"https:\/\/worldphday.org\/es\/impresion\/","title":{"rendered":"Impresi\u00f3n"},"content":{"rendered":"<div class=\"wpb-content-wrapper\"><p>[vc_row fullwidth=\u00bb0&#8243; row_space=\u00bbremove_padding\u00bb][vc_column][vc_column_text]<\/p>\n<h1>Impresi\u00f3n<\/h1>\n<p>[\/vc_column_text][vc_row_inner][vc_column_inner width=\u00bb2\/3&#8243;][vc_column_text]<\/p>\n<p style=\"text-align: justify;\"><em><span class=\"_5yl5\">PHA Europe es una organizaci\u00f3n sin fines de lucro registrada con el objetivo para ayudar a los pacientes que viven con hipertensi\u00f3n pulmonar. PHA Europe toma su decisiones independientemente de acuerdo de las disposiciones vigentes de su estatuto. PHA Europe nunca ha aconsejado, ni ha tenido la intenci\u00f3n de aconsejar ning\u00fan medicamento o tratamiento espec\u00edfico a los pacientes, sino que se esfuerza por dar asistencia a los pacientes, directamente o a trav\u00e9s de sus asociaciones miembro para alcanzar una mejor calidad de vida.<\/span><\/em><\/p>\n<p>[\/vc_column_text][vc_column_text]<\/p>\n<p><strong>PHA Europe<\/strong><br \/>\nAddress: Wilhelmstra\u00dfe 21, A-1120 Vienna, Austria<br \/>\nPhone: (+43) 1 402 3725<br \/>\nEmail: info@phaeurope.org<br \/>\nWebsite: www.phaeurope.org<\/p>\n<p>Raiffeisen Landesbank Nieder\u00f6sterreich \u2013 Wien, Austria<br \/>\nIBAN : AT123200000000302604<br \/>\nBIC : RLNWATWW[\/vc_column_text][\/vc_column_inner][vc_column_inner width=\u00bb1\/3&#8243;][vc_single_image image=\u00bb1021&#8243; img_size=\u00bbfull\u00bb alignment=\u00bbcenter\u00bb][\/vc_column_inner][\/vc_row_inner][\/vc_column][\/vc_row]<\/p>\n<\/div>","protected":false},"excerpt":{"rendered":"<p>[vc_row fullwidth=\u00bb0&#8243; row_space=\u00bbremove_padding\u00bb][vc_column][vc_column_text] Impresi\u00f3n [\/vc_column_text][vc_row_inner][vc_column_inner width=\u00bb2\/3&#8243;][vc_column_text] PHA Europe es una organizaci\u00f3n sin fines de lucro registrada con el objetivo para ayudar a los pacientes que viven con hipertensi\u00f3n pulmonar. PHA Europe toma su decisiones independientemente de acuerdo de las disposiciones vigentes de su estatuto. PHA Europe nunca ha aconsejado, ni ha tenido la intenci\u00f3n de &hellip; <\/p>\n<p class=\"link-more\"><a href=\"https:\/\/worldphday.org\/es\/impresion\/\" class=\"more-link\">Continuar leyendo<span class=\"screen-reader-text\"> \u00abImpresi\u00f3n\u00bb<\/span><\/a><\/p>\n","protected":false},"author":1,"featured_media":1381,"parent":0,"menu_order":1500,"comment_status":"closed","ping_status":"closed","template":"","meta":{"footnotes":""},"class_list":["post-1863","page","type-page","status-publish","has-post-thumbnail","hentry"],"yoast_head":"<!-- This site is optimized with the Yoast SEO plugin v27.3 - https:\/\/yoast.com\/product\/yoast-seo-wordpress\/ -->\n<title>Impresi\u00f3n | World PH Day - May 5, 2023<\/title>\n<meta name=\"description\" content=\"PHA Europe es una organizaci\u00f3n sin fines de lucro registrada con el objetivo para ayudar a los pacientes que viven con hipertensi\u00f3n pulmonar.\" \/>\n<meta name=\"robots\" content=\"index, follow, max-snippet:-1, max-image-preview:large, max-video-preview:-1\" \/>\n<link rel=\"canonical\" href=\"https:\/\/worldphday.org\/es\/impresion\/\" \/>\n<meta property=\"og:locale\" content=\"es_ES\" \/>\n<meta property=\"og:type\" content=\"article\" \/>\n<meta property=\"og:title\" content=\"Impresi\u00f3n | World PH Day - May 5, 2023\" \/>\n<meta property=\"og:description\" content=\"PHA Europe es una organizaci\u00f3n sin fines de lucro registrada con el objetivo para ayudar a los pacientes que viven con hipertensi\u00f3n pulmonar.\" \/>\n<meta property=\"og:url\" content=\"https:\/\/worldphday.org\/es\/impresion\/\" \/>\n<meta property=\"og:site_name\" content=\"World PH Day - May 5, 2023\" \/>\n<meta property=\"article:publisher\" content=\"https:\/\/www.facebook.com\/worldphday\" \/>\n<meta property=\"article:modified_time\" content=\"2021-04-22T12:06:46+00:00\" \/>\n<meta property=\"og:image\" content=\"https:\/\/worldphday.org\/wp-content\/uploads\/pha-europe-logo-resources.jpg\" \/>\n\t<meta property=\"og:image:width\" content=\"1147\" \/>\n\t<meta property=\"og:image:height\" content=\"321\" \/>\n\t<meta property=\"og:image:type\" content=\"image\/jpeg\" \/>\n<meta name=\"twitter:card\" content=\"summary_large_image\" \/>\n<meta name=\"twitter:site\" content=\"@worldphday\" \/>\n<meta name=\"twitter:label1\" content=\"Tiempo de lectura\" \/>\n\t<meta name=\"twitter:data1\" content=\"1 minuto\" \/>\n<script type=\"application\/ld+json\" class=\"yoast-schema-graph\">{\"@context\":\"https:\\\/\\\/schema.org\",\"@graph\":[{\"@type\":\"WebPage\",\"@id\":\"https:\\\/\\\/worldphday.org\\\/es\\\/impresion\\\/\",\"url\":\"https:\\\/\\\/worldphday.org\\\/es\\\/impresion\\\/\",\"name\":\"Impresi\u00f3n | World PH Day - May 5, 2023\",\"isPartOf\":{\"@id\":\"https:\\\/\\\/worldphday.org\\\/es\\\/#website\"},\"primaryImageOfPage\":{\"@id\":\"https:\\\/\\\/worldphday.org\\\/es\\\/impresion\\\/#primaryimage\"},\"image\":{\"@id\":\"https:\\\/\\\/worldphday.org\\\/es\\\/impresion\\\/#primaryimage\"},\"thumbnailUrl\":\"https:\\\/\\\/worldphday.org\\\/wp-content\\\/uploads\\\/pha-europe-logo-resources.jpg\",\"datePublished\":\"2017-04-03T17:57:36+00:00\",\"dateModified\":\"2021-04-22T12:06:46+00:00\",\"description\":\"PHA Europe es una organizaci\u00f3n sin fines de lucro registrada con el objetivo para ayudar a los pacientes que viven con hipertensi\u00f3n pulmonar.\",\"breadcrumb\":{\"@id\":\"https:\\\/\\\/worldphday.org\\\/es\\\/impresion\\\/#breadcrumb\"},\"inLanguage\":\"es\",\"potentialAction\":[{\"@type\":\"ReadAction\",\"target\":[\"https:\\\/\\\/worldphday.org\\\/es\\\/impresion\\\/\"]}]},{\"@type\":\"ImageObject\",\"inLanguage\":\"es\",\"@id\":\"https:\\\/\\\/worldphday.org\\\/es\\\/impresion\\\/#primaryimage\",\"url\":\"https:\\\/\\\/worldphday.org\\\/wp-content\\\/uploads\\\/pha-europe-logo-resources.jpg\",\"contentUrl\":\"https:\\\/\\\/worldphday.org\\\/wp-content\\\/uploads\\\/pha-europe-logo-resources.jpg\",\"width\":1147,\"height\":321,\"caption\":\"PHA Europe\"},{\"@type\":\"BreadcrumbList\",\"@id\":\"https:\\\/\\\/worldphday.org\\\/es\\\/impresion\\\/#breadcrumb\",\"itemListElement\":[{\"@type\":\"ListItem\",\"position\":1,\"name\":\"Home\",\"item\":\"https:\\\/\\\/worldphday.org\\\/es\\\/\"},{\"@type\":\"ListItem\",\"position\":2,\"name\":\"Impresi\u00f3n\"}]},{\"@type\":\"WebSite\",\"@id\":\"https:\\\/\\\/worldphday.org\\\/es\\\/#website\",\"url\":\"https:\\\/\\\/worldphday.org\\\/es\\\/\",\"name\":\"World PH Day - May 5, 2023\",\"description\":\"10 Years togheter\",\"publisher\":{\"@id\":\"https:\\\/\\\/worldphday.org\\\/es\\\/#organization\"},\"potentialAction\":[{\"@type\":\"SearchAction\",\"target\":{\"@type\":\"EntryPoint\",\"urlTemplate\":\"https:\\\/\\\/worldphday.org\\\/es\\\/?s={search_term_string}\"},\"query-input\":{\"@type\":\"PropertyValueSpecification\",\"valueRequired\":true,\"valueName\":\"search_term_string\"}}],\"inLanguage\":\"es\"},{\"@type\":\"Organization\",\"@id\":\"https:\\\/\\\/worldphday.org\\\/es\\\/#organization\",\"name\":\"World PH Day\",\"url\":\"https:\\\/\\\/worldphday.org\\\/es\\\/\",\"logo\":{\"@type\":\"ImageObject\",\"inLanguage\":\"es\",\"@id\":\"https:\\\/\\\/worldphday.org\\\/es\\\/#\\\/schema\\\/logo\\\/image\\\/\",\"url\":\"https:\\\/\\\/worldphday.org\\\/wp-content\\\/uploads\\\/wphd-logo.png\",\"contentUrl\":\"https:\\\/\\\/worldphday.org\\\/wp-content\\\/uploads\\\/wphd-logo.png\",\"width\":270,\"height\":100,\"caption\":\"World PH Day\"},\"image\":{\"@id\":\"https:\\\/\\\/worldphday.org\\\/es\\\/#\\\/schema\\\/logo\\\/image\\\/\"},\"sameAs\":[\"https:\\\/\\\/www.facebook.com\\\/worldphday\",\"https:\\\/\\\/x.com\\\/worldphday\"]}]}<\/script>\n<!-- \/ Yoast SEO plugin. -->","yoast_head_json":{"title":"Impresi\u00f3n | World PH Day - May 5, 2023","description":"PHA Europe es una organizaci\u00f3n sin fines de lucro registrada con el objetivo para ayudar a los pacientes que viven con hipertensi\u00f3n pulmonar.","robots":{"index":"index","follow":"follow","max-snippet":"max-snippet:-1","max-image-preview":"max-image-preview:large","max-video-preview":"max-video-preview:-1"},"canonical":"https:\/\/worldphday.org\/es\/impresion\/","og_locale":"es_ES","og_type":"article","og_title":"Impresi\u00f3n | World PH Day - May 5, 2023","og_description":"PHA Europe es una organizaci\u00f3n sin fines de lucro registrada con el objetivo para ayudar a los pacientes que viven con hipertensi\u00f3n pulmonar.","og_url":"https:\/\/worldphday.org\/es\/impresion\/","og_site_name":"World PH Day - May 5, 2023","article_publisher":"https:\/\/www.facebook.com\/worldphday","article_modified_time":"2021-04-22T12:06:46+00:00","og_image":[{"width":1147,"height":321,"url":"https:\/\/worldphday.org\/wp-content\/uploads\/pha-europe-logo-resources.jpg","type":"image\/jpeg"}],"twitter_card":"summary_large_image","twitter_site":"@worldphday","twitter_misc":{"Tiempo de lectura":"1 minuto"},"schema":{"@context":"https:\/\/schema.org","@graph":[{"@type":"WebPage","@id":"https:\/\/worldphday.org\/es\/impresion\/","url":"https:\/\/worldphday.org\/es\/impresion\/","name":"Impresi\u00f3n | World PH Day - May 5, 2023","isPartOf":{"@id":"https:\/\/worldphday.org\/es\/#website"},"primaryImageOfPage":{"@id":"https:\/\/worldphday.org\/es\/impresion\/#primaryimage"},"image":{"@id":"https:\/\/worldphday.org\/es\/impresion\/#primaryimage"},"thumbnailUrl":"https:\/\/worldphday.org\/wp-content\/uploads\/pha-europe-logo-resources.jpg","datePublished":"2017-04-03T17:57:36+00:00","dateModified":"2021-04-22T12:06:46+00:00","description":"PHA Europe es una organizaci\u00f3n sin fines de lucro registrada con el objetivo para ayudar a los pacientes que viven con hipertensi\u00f3n pulmonar.","breadcrumb":{"@id":"https:\/\/worldphday.org\/es\/impresion\/#breadcrumb"},"inLanguage":"es","potentialAction":[{"@type":"ReadAction","target":["https:\/\/worldphday.org\/es\/impresion\/"]}]},{"@type":"ImageObject","inLanguage":"es","@id":"https:\/\/worldphday.org\/es\/impresion\/#primaryimage","url":"https:\/\/worldphday.org\/wp-content\/uploads\/pha-europe-logo-resources.jpg","contentUrl":"https:\/\/worldphday.org\/wp-content\/uploads\/pha-europe-logo-resources.jpg","width":1147,"height":321,"caption":"PHA Europe"},{"@type":"BreadcrumbList","@id":"https:\/\/worldphday.org\/es\/impresion\/#breadcrumb","itemListElement":[{"@type":"ListItem","position":1,"name":"Home","item":"https:\/\/worldphday.org\/es\/"},{"@type":"ListItem","position":2,"name":"Impresi\u00f3n"}]},{"@type":"WebSite","@id":"https:\/\/worldphday.org\/es\/#website","url":"https:\/\/worldphday.org\/es\/","name":"World PH Day - May 5, 2023","description":"10 Years togheter","publisher":{"@id":"https:\/\/worldphday.org\/es\/#organization"},"potentialAction":[{"@type":"SearchAction","target":{"@type":"EntryPoint","urlTemplate":"https:\/\/worldphday.org\/es\/?s={search_term_string}"},"query-input":{"@type":"PropertyValueSpecification","valueRequired":true,"valueName":"search_term_string"}}],"inLanguage":"es"},{"@type":"Organization","@id":"https:\/\/worldphday.org\/es\/#organization","name":"World PH Day","url":"https:\/\/worldphday.org\/es\/","logo":{"@type":"ImageObject","inLanguage":"es","@id":"https:\/\/worldphday.org\/es\/#\/schema\/logo\/image\/","url":"https:\/\/worldphday.org\/wp-content\/uploads\/wphd-logo.png","contentUrl":"https:\/\/worldphday.org\/wp-content\/uploads\/wphd-logo.png","width":270,"height":100,"caption":"World PH Day"},"image":{"@id":"https:\/\/worldphday.org\/es\/#\/schema\/logo\/image\/"},"sameAs":["https:\/\/www.facebook.com\/worldphday","https:\/\/x.com\/worldphday"]}]}},"_links":{"self":[{"href":"https:\/\/worldphday.org\/es\/wp-json\/wp\/v2\/pages\/1863","targetHints":{"allow":["GET"]}}],"collection":[{"href":"https:\/\/worldphday.org\/es\/wp-json\/wp\/v2\/pages"}],"about":[{"href":"https:\/\/worldphday.org\/es\/wp-json\/wp\/v2\/types\/page"}],"author":[{"embeddable":true,"href":"https:\/\/worldphday.org\/es\/wp-json\/wp\/v2\/users\/1"}],"replies":[{"embeddable":true,"href":"https:\/\/worldphday.org\/es\/wp-json\/wp\/v2\/comments?post=1863"}],"version-history":[{"count":5,"href":"https:\/\/worldphday.org\/es\/wp-json\/wp\/v2\/pages\/1863\/revisions"}],"predecessor-version":[{"id":1868,"href":"https:\/\/worldphday.org\/es\/wp-json\/wp\/v2\/pages\/1863\/revisions\/1868"}],"wp:featuredmedia":[{"embeddable":true,"href":"https:\/\/worldphday.org\/es\/wp-json\/wp\/v2\/media\/1381"}],"wp:attachment":[{"href":"https:\/\/worldphday.org\/es\/wp-json\/wp\/v2\/media?parent=1863"}],"curies":[{"name":"wp","href":"https:\/\/api.w.org\/{rel}","templated":true}]}}