{"id":1844,"date":"2021-04-14T18:43:40","date_gmt":"2021-04-14T16:43:40","guid":{"rendered":"https:\/\/worldphday.org\/?page_id=1844"},"modified":"2022-08-01T05:38:14","modified_gmt":"2022-08-01T03:38:14","slug":"mapa-de-sitio","status":"publish","type":"page","link":"https:\/\/worldphday.org\/es\/mapa-de-sitio\/","title":{"rendered":"Mapa de sitio"},"content":{"rendered":"<div class=\"wpb-content-wrapper\"><p>[vc_row][vc_column][vc_column_text]<\/p>\n<h1>Mapa de sitio<\/h1>\n<p>[\/vc_column_text][vc_row_inner][vc_column_inner width=\u00bb2\/3&#8243;][vc_column_text]<\/p>\n<p style=\"text-align: left;\">Aqu\u00ed puede ver la estructura completa de men\u00fa de la p\u00e1gina web.<\/p>\n<div id=\"simple-sitemap-container-69f0ad2034809\" class=\"simple-sitemap-container simple-sitemap-container-69f0ad2034809 tab-disabled\"><div class=\"simple-sitemap-wrap\"><ul class=\"simple-sitemap-page main\"><li class=\"sitemap-item page_item page-item-988\"><a href=\"https:\/\/worldphday.org\/es\/\">\u00a1Bienvenido a la p\u00e1gina de inicio del D\u00eda Mundial de la Hipertensi\u00f3n Pulmonar!<\/a><\/li>\n<li class=\"sitemap-item page_item page-item-983\"><a href=\"https:\/\/worldphday.org\/es\/acerca-del-dia-mundial-de-hp\/\">Acerca del D\u00eda Mundial de HP<\/a><\/li>\n<li class=\"sitemap-item page_item page-item-979\"><a href=\"https:\/\/worldphday.org\/es\/acerca-del-hp\/\">Acerca del HP<\/a><\/li>\n<li class=\"sitemap-item page_item page-item-2926\"><a href=\"https:\/\/worldphday.org\/es\/los-ninos-y-hp\/\">Los ni\u00f1os y HP<\/a><\/li>\n<li class=\"sitemap-item page_item page-item-974\"><a href=\"https:\/\/worldphday.org\/es\/world-ph-day-socios\/\">World PH Day Socios<\/a><\/li>\n<li class=\"sitemap-item page_item page-item-970\"><a href=\"https:\/\/worldphday.org\/es\/herramientas\/\">Herramientas<\/a><\/li>\n<li class=\"sitemap-item page_item page-item-835\"><a href=\"https:\/\/worldphday.org\/es\/world-ph-day-fotos\/\">World PH Day Fotos<\/a><\/li>\n<li class=\"sitemap-item page_item page-item-965\"><a href=\"https:\/\/worldphday.org\/es\/recursos\/\">Recursos<\/a><\/li>\n<li class=\"sitemap-item page_item page-item-1273\"><a href=\"https:\/\/worldphday.org\/es\/calendario-de-eventos\/\">Calendario de eventos<\/a><\/li>\n<li class=\"sitemap-item page_item page-item-820\"><a href=\"https:\/\/worldphday.org\/es\/contacto\/\">Contacto<\/a><\/li>\n<li class=\"sitemap-item page_item page-item-1863\"><a href=\"https:\/\/worldphday.org\/es\/impresion\/\">Impresi\u00f3n<\/a><\/li>\n<li class=\"sitemap-item page_item page-item-1870\"><a href=\"https:\/\/worldphday.org\/es\/declaracion-de-privacidad\/\">Declaraci\u00f3n de privacidad<\/a><\/li>\n<li class=\"sitemap-item page_item page-item-1878\"><a href=\"https:\/\/worldphday.org\/es\/descargo-de-responsabilidad\/\">Descargo de responsabilidad<\/a><\/li>\n<li class=\"sitemap-item page_item page-item-1844\"><a href=\"https:\/\/worldphday.org\/es\/mapa-de-sitio\/\">Mapa de sitio<\/a><\/li>\n<\/ul><\/div><\/div><br style=\"clear: both;\">[\/vc_column_text][\/vc_column_inner][vc_column_inner width=\u00bb1\/3&#8243;][vc_single_image image=\u00bb1021&#8243; img_size=\u00bbfull\u00bb alignment=\u00bbcenter\u00bb][\/vc_column_inner][\/vc_row_inner][\/vc_column][\/vc_row]<\/p>\n<\/div>","protected":false},"excerpt":{"rendered":"<p>[vc_row][vc_column][vc_column_text] Mapa de sitio [\/vc_column_text][vc_row_inner][vc_column_inner width=\u00bb2\/3&#8243;][vc_column_text] Aqu\u00ed puede ver la estructura completa de men\u00fa de la p\u00e1gina web. [\/vc_column_text][\/vc_column_inner][vc_column_inner width=\u00bb1\/3&#8243;][vc_single_image image=\u00bb1021&#8243; img_size=\u00bbfull\u00bb alignment=\u00bbcenter\u00bb][\/vc_column_inner][\/vc_row_inner][\/vc_column][\/vc_row]<\/p>\n","protected":false},"author":4,"featured_media":1710,"parent":0,"menu_order":1800,"comment_status":"closed","ping_status":"closed","template":"","meta":{"footnotes":""},"class_list":["post-1844","page","type-page","status-publish","has-post-thumbnail","hentry"],"yoast_head":"<!-- This site is optimized with the Yoast SEO plugin v27.4 - https:\/\/yoast.com\/product\/yoast-seo-wordpress\/ -->\n<title>Mapa de sitio | World PH Day - May 5, 2026<\/title>\n<meta name=\"description\" content=\"Aqu\u00ed puede ver la estructura completa de men\u00fa de la p\u00e1gina web.\" \/>\n<meta name=\"robots\" content=\"index, follow, max-snippet:-1, max-image-preview:large, max-video-preview:-1\" \/>\n<link rel=\"canonical\" href=\"https:\/\/worldphday.org\/es\/mapa-de-sitio\/\" \/>\n<meta property=\"og:locale\" content=\"es_ES\" \/>\n<meta property=\"og:type\" content=\"article\" \/>\n<meta property=\"og:title\" content=\"Mapa de sitio | World PH Day - May 5, 2026\" \/>\n<meta property=\"og:description\" content=\"Aqu\u00ed puede ver la estructura completa de men\u00fa de la p\u00e1gina web.\" \/>\n<meta property=\"og:url\" content=\"https:\/\/worldphday.org\/es\/mapa-de-sitio\/\" \/>\n<meta property=\"og:site_name\" content=\"World PH Day - May 5, 2026\" \/>\n<meta property=\"article:publisher\" content=\"https:\/\/www.facebook.com\/worldphday\" \/>\n<meta property=\"article:modified_time\" content=\"2022-08-01T03:38:14+00:00\" \/>\n<meta property=\"og:image\" content=\"https:\/\/worldphday.org\/wp-content\/uploads\/get-world-pulmonary-hypertension-day-logo-wphd-2021.png\" \/>\n\t<meta property=\"og:image:width\" content=\"500\" \/>\n\t<meta property=\"og:image:height\" content=\"493\" \/>\n\t<meta property=\"og:image:type\" content=\"image\/png\" \/>\n<meta name=\"twitter:card\" content=\"summary_large_image\" \/>\n<meta name=\"twitter:site\" content=\"@worldphday\" \/>\n<meta name=\"twitter:label1\" content=\"Tiempo de lectura\" \/>\n\t<meta name=\"twitter:data1\" content=\"1 minuto\" \/>\n<script type=\"application\/ld+json\" class=\"yoast-schema-graph\">{\"@context\":\"https:\\\/\\\/schema.org\",\"@graph\":[{\"@type\":\"WebPage\",\"@id\":\"https:\\\/\\\/worldphday.org\\\/es\\\/mapa-de-sitio\\\/\",\"url\":\"https:\\\/\\\/worldphday.org\\\/es\\\/mapa-de-sitio\\\/\",\"name\":\"Mapa de sitio | World PH Day - May 5, 2026\",\"isPartOf\":{\"@id\":\"https:\\\/\\\/worldphday.org\\\/es\\\/#website\"},\"primaryImageOfPage\":{\"@id\":\"https:\\\/\\\/worldphday.org\\\/es\\\/mapa-de-sitio\\\/#primaryimage\"},\"image\":{\"@id\":\"https:\\\/\\\/worldphday.org\\\/es\\\/mapa-de-sitio\\\/#primaryimage\"},\"thumbnailUrl\":\"https:\\\/\\\/worldphday.org\\\/wp-content\\\/uploads\\\/get-world-pulmonary-hypertension-day-logo-wphd-2021.png\",\"datePublished\":\"2021-04-14T16:43:40+00:00\",\"dateModified\":\"2022-08-01T03:38:14+00:00\",\"description\":\"Aqu\u00ed puede ver la estructura completa de men\u00fa de la p\u00e1gina web.\",\"breadcrumb\":{\"@id\":\"https:\\\/\\\/worldphday.org\\\/es\\\/mapa-de-sitio\\\/#breadcrumb\"},\"inLanguage\":\"es\",\"potentialAction\":[{\"@type\":\"ReadAction\",\"target\":[\"https:\\\/\\\/worldphday.org\\\/es\\\/mapa-de-sitio\\\/\"]}]},{\"@type\":\"ImageObject\",\"inLanguage\":\"es\",\"@id\":\"https:\\\/\\\/worldphday.org\\\/es\\\/mapa-de-sitio\\\/#primaryimage\",\"url\":\"https:\\\/\\\/worldphday.org\\\/wp-content\\\/uploads\\\/get-world-pulmonary-hypertension-day-logo-wphd-2021.png\",\"contentUrl\":\"https:\\\/\\\/worldphday.org\\\/wp-content\\\/uploads\\\/get-world-pulmonary-hypertension-day-logo-wphd-2021.png\",\"width\":500,\"height\":493,\"caption\":\"Get World Pulmonary Hypertension Day logo - WPHD 2021\"},{\"@type\":\"BreadcrumbList\",\"@id\":\"https:\\\/\\\/worldphday.org\\\/es\\\/mapa-de-sitio\\\/#breadcrumb\",\"itemListElement\":[{\"@type\":\"ListItem\",\"position\":1,\"name\":\"Home\",\"item\":\"https:\\\/\\\/worldphday.org\\\/es\\\/\"},{\"@type\":\"ListItem\",\"position\":2,\"name\":\"Mapa de sitio\"}]},{\"@type\":\"WebSite\",\"@id\":\"https:\\\/\\\/worldphday.org\\\/es\\\/#website\",\"url\":\"https:\\\/\\\/worldphday.org\\\/es\\\/\",\"name\":\"World PH Day - May 5, 2026\",\"description\":\"10 Years togheter\",\"publisher\":{\"@id\":\"https:\\\/\\\/worldphday.org\\\/es\\\/#organization\"},\"potentialAction\":[{\"@type\":\"SearchAction\",\"target\":{\"@type\":\"EntryPoint\",\"urlTemplate\":\"https:\\\/\\\/worldphday.org\\\/es\\\/?s={search_term_string}\"},\"query-input\":{\"@type\":\"PropertyValueSpecification\",\"valueRequired\":true,\"valueName\":\"search_term_string\"}}],\"inLanguage\":\"es\"},{\"@type\":\"Organization\",\"@id\":\"https:\\\/\\\/worldphday.org\\\/es\\\/#organization\",\"name\":\"World PH Day\",\"url\":\"https:\\\/\\\/worldphday.org\\\/es\\\/\",\"logo\":{\"@type\":\"ImageObject\",\"inLanguage\":\"es\",\"@id\":\"https:\\\/\\\/worldphday.org\\\/es\\\/#\\\/schema\\\/logo\\\/image\\\/\",\"url\":\"https:\\\/\\\/worldphday.org\\\/wp-content\\\/uploads\\\/wphd-logo.png\",\"contentUrl\":\"https:\\\/\\\/worldphday.org\\\/wp-content\\\/uploads\\\/wphd-logo.png\",\"width\":270,\"height\":100,\"caption\":\"World PH Day\"},\"image\":{\"@id\":\"https:\\\/\\\/worldphday.org\\\/es\\\/#\\\/schema\\\/logo\\\/image\\\/\"},\"sameAs\":[\"https:\\\/\\\/www.facebook.com\\\/worldphday\",\"https:\\\/\\\/x.com\\\/worldphday\"]}]}<\/script>\n<!-- \/ Yoast SEO plugin. -->","yoast_head_json":{"title":"Mapa de sitio | World PH Day - May 5, 2026","description":"Aqu\u00ed puede ver la estructura completa de men\u00fa de la p\u00e1gina web.","robots":{"index":"index","follow":"follow","max-snippet":"max-snippet:-1","max-image-preview":"max-image-preview:large","max-video-preview":"max-video-preview:-1"},"canonical":"https:\/\/worldphday.org\/es\/mapa-de-sitio\/","og_locale":"es_ES","og_type":"article","og_title":"Mapa de sitio | World PH Day - May 5, 2026","og_description":"Aqu\u00ed puede ver la estructura completa de men\u00fa de la p\u00e1gina web.","og_url":"https:\/\/worldphday.org\/es\/mapa-de-sitio\/","og_site_name":"World PH Day - May 5, 2026","article_publisher":"https:\/\/www.facebook.com\/worldphday","article_modified_time":"2022-08-01T03:38:14+00:00","og_image":[{"width":500,"height":493,"url":"https:\/\/worldphday.org\/wp-content\/uploads\/get-world-pulmonary-hypertension-day-logo-wphd-2021.png","type":"image\/png"}],"twitter_card":"summary_large_image","twitter_site":"@worldphday","twitter_misc":{"Tiempo de lectura":"1 minuto"},"schema":{"@context":"https:\/\/schema.org","@graph":[{"@type":"WebPage","@id":"https:\/\/worldphday.org\/es\/mapa-de-sitio\/","url":"https:\/\/worldphday.org\/es\/mapa-de-sitio\/","name":"Mapa de sitio | World PH Day - May 5, 2026","isPartOf":{"@id":"https:\/\/worldphday.org\/es\/#website"},"primaryImageOfPage":{"@id":"https:\/\/worldphday.org\/es\/mapa-de-sitio\/#primaryimage"},"image":{"@id":"https:\/\/worldphday.org\/es\/mapa-de-sitio\/#primaryimage"},"thumbnailUrl":"https:\/\/worldphday.org\/wp-content\/uploads\/get-world-pulmonary-hypertension-day-logo-wphd-2021.png","datePublished":"2021-04-14T16:43:40+00:00","dateModified":"2022-08-01T03:38:14+00:00","description":"Aqu\u00ed puede ver la estructura completa de men\u00fa de la p\u00e1gina web.","breadcrumb":{"@id":"https:\/\/worldphday.org\/es\/mapa-de-sitio\/#breadcrumb"},"inLanguage":"es","potentialAction":[{"@type":"ReadAction","target":["https:\/\/worldphday.org\/es\/mapa-de-sitio\/"]}]},{"@type":"ImageObject","inLanguage":"es","@id":"https:\/\/worldphday.org\/es\/mapa-de-sitio\/#primaryimage","url":"https:\/\/worldphday.org\/wp-content\/uploads\/get-world-pulmonary-hypertension-day-logo-wphd-2021.png","contentUrl":"https:\/\/worldphday.org\/wp-content\/uploads\/get-world-pulmonary-hypertension-day-logo-wphd-2021.png","width":500,"height":493,"caption":"Get World Pulmonary Hypertension Day logo - WPHD 2021"},{"@type":"BreadcrumbList","@id":"https:\/\/worldphday.org\/es\/mapa-de-sitio\/#breadcrumb","itemListElement":[{"@type":"ListItem","position":1,"name":"Home","item":"https:\/\/worldphday.org\/es\/"},{"@type":"ListItem","position":2,"name":"Mapa de sitio"}]},{"@type":"WebSite","@id":"https:\/\/worldphday.org\/es\/#website","url":"https:\/\/worldphday.org\/es\/","name":"World PH Day - May 5, 2026","description":"10 Years togheter","publisher":{"@id":"https:\/\/worldphday.org\/es\/#organization"},"potentialAction":[{"@type":"SearchAction","target":{"@type":"EntryPoint","urlTemplate":"https:\/\/worldphday.org\/es\/?s={search_term_string}"},"query-input":{"@type":"PropertyValueSpecification","valueRequired":true,"valueName":"search_term_string"}}],"inLanguage":"es"},{"@type":"Organization","@id":"https:\/\/worldphday.org\/es\/#organization","name":"World PH Day","url":"https:\/\/worldphday.org\/es\/","logo":{"@type":"ImageObject","inLanguage":"es","@id":"https:\/\/worldphday.org\/es\/#\/schema\/logo\/image\/","url":"https:\/\/worldphday.org\/wp-content\/uploads\/wphd-logo.png","contentUrl":"https:\/\/worldphday.org\/wp-content\/uploads\/wphd-logo.png","width":270,"height":100,"caption":"World PH Day"},"image":{"@id":"https:\/\/worldphday.org\/es\/#\/schema\/logo\/image\/"},"sameAs":["https:\/\/www.facebook.com\/worldphday","https:\/\/x.com\/worldphday"]}]}},"_links":{"self":[{"href":"https:\/\/worldphday.org\/es\/wp-json\/wp\/v2\/pages\/1844","targetHints":{"allow":["GET"]}}],"collection":[{"href":"https:\/\/worldphday.org\/es\/wp-json\/wp\/v2\/pages"}],"about":[{"href":"https:\/\/worldphday.org\/es\/wp-json\/wp\/v2\/types\/page"}],"author":[{"embeddable":true,"href":"https:\/\/worldphday.org\/es\/wp-json\/wp\/v2\/users\/4"}],"replies":[{"embeddable":true,"href":"https:\/\/worldphday.org\/es\/wp-json\/wp\/v2\/comments?post=1844"}],"version-history":[{"count":5,"href":"https:\/\/worldphday.org\/es\/wp-json\/wp\/v2\/pages\/1844\/revisions"}],"predecessor-version":[{"id":2759,"href":"https:\/\/worldphday.org\/es\/wp-json\/wp\/v2\/pages\/1844\/revisions\/2759"}],"wp:featuredmedia":[{"embeddable":true,"href":"https:\/\/worldphday.org\/es\/wp-json\/wp\/v2\/media\/1710"}],"wp:attachment":[{"href":"https:\/\/worldphday.org\/es\/wp-json\/wp\/v2\/media?parent=1844"}],"curies":[{"name":"wp","href":"https:\/\/api.w.org\/{rel}","templated":true}]}}