{"id":1273,"date":"2017-03-24T14:33:02","date_gmt":"2017-03-24T14:33:02","guid":{"rendered":"https:\/\/worldphday.org\/calendar-of-events\/"},"modified":"2021-04-22T14:36:37","modified_gmt":"2021-04-22T12:36:37","slug":"calendario-de-eventos","status":"publish","type":"page","link":"https:\/\/worldphday.org\/es\/calendario-de-eventos\/","title":{"rendered":"Calendario de eventos"},"content":{"rendered":"<div class=\"wpb-content-wrapper\"><p>[vc_row][vc_column][vc_column_text]<\/p>\n<h1>Calendario de Eventos<\/h1>\n<p style=\"text-align: justify;\">Este calendario interactivo le ayuda a navegar entre la gran variedad de eventos. Si est\u00e1 interesado en un evento espec\u00edfico, simplemente haga clic en \u00e9l y podr\u00e1 obtener m\u00e1s informaci\u00f3n sobre el evento: c\u00f3mo asistir y registrarse, si es necesario. Haga clic en el bot\u00f3n de enviar el evento para registrar f\u00e1cilmente su propio evento del D\u00eda Mundial de HP.<\/p>\n<p><br><div data-tockify-calendar=\"worldphdaycalendar\" data-tockify-component=\"calendar\"><\/div><script type='text\/javascript'>if (window._tkf && window._tkf.loadDeclaredCalendars) {window._tkf.loadDeclaredCalendars();}<\/script>[\/vc_column_text][\/vc_column][\/vc_row]<\/p>\n<\/div>","protected":false},"excerpt":{"rendered":"<p>[vc_row][vc_column][vc_column_text] Calendario de Eventos Este calendario interactivo le ayuda a navegar entre la gran variedad de eventos. Si est\u00e1 interesado en un evento espec\u00edfico, simplemente haga clic en \u00e9l y podr\u00e1 obtener m\u00e1s informaci\u00f3n sobre el evento: c\u00f3mo asistir y registrarse, si es necesario. Haga clic en el bot\u00f3n de enviar el evento para registrar &hellip; <\/p>\n<p class=\"link-more\"><a href=\"https:\/\/worldphday.org\/es\/calendario-de-eventos\/\" class=\"more-link\">Continuar leyendo<span class=\"screen-reader-text\"> \u00abCalendario de eventos\u00bb<\/span><\/a><\/p>\n","protected":false},"author":1,"featured_media":1710,"parent":0,"menu_order":700,"comment_status":"closed","ping_status":"closed","template":"","meta":{"footnotes":""},"class_list":["post-1273","page","type-page","status-publish","has-post-thumbnail","hentry"],"yoast_head":"<!-- This site is optimized with the Yoast SEO plugin v27.3 - https:\/\/yoast.com\/product\/yoast-seo-wordpress\/ -->\n<title>Calendario de eventos | World PH Day - May 5, 2023<\/title>\n<meta name=\"description\" content=\"Este calendario interactivo le ayuda a navegar entre la gran variedad de eventos.\" \/>\n<meta name=\"robots\" content=\"index, follow, max-snippet:-1, max-image-preview:large, max-video-preview:-1\" \/>\n<link rel=\"canonical\" href=\"https:\/\/worldphday.org\/es\/calendario-de-eventos\/\" \/>\n<meta property=\"og:locale\" content=\"es_ES\" \/>\n<meta property=\"og:type\" content=\"article\" \/>\n<meta property=\"og:title\" content=\"Calendario de eventos | World PH Day - May 5, 2023\" \/>\n<meta property=\"og:description\" content=\"Este calendario interactivo le ayuda a navegar entre la gran variedad de eventos.\" \/>\n<meta property=\"og:url\" content=\"https:\/\/worldphday.org\/es\/calendario-de-eventos\/\" \/>\n<meta property=\"og:site_name\" content=\"World PH Day - May 5, 2023\" \/>\n<meta property=\"article:publisher\" content=\"https:\/\/www.facebook.com\/worldphday\" \/>\n<meta property=\"article:modified_time\" content=\"2021-04-22T12:36:37+00:00\" \/>\n<meta property=\"og:image\" content=\"https:\/\/worldphday.org\/wp-content\/uploads\/get-world-pulmonary-hypertension-day-logo-wphd-2021.png\" \/>\n\t<meta property=\"og:image:width\" content=\"500\" \/>\n\t<meta property=\"og:image:height\" content=\"493\" \/>\n\t<meta property=\"og:image:type\" content=\"image\/png\" \/>\n<meta name=\"twitter:card\" content=\"summary_large_image\" \/>\n<meta name=\"twitter:site\" content=\"@worldphday\" \/>\n<meta name=\"twitter:label1\" content=\"Tiempo de lectura\" \/>\n\t<meta name=\"twitter:data1\" content=\"1 minuto\" \/>\n<script type=\"application\/ld+json\" class=\"yoast-schema-graph\">{\"@context\":\"https:\\\/\\\/schema.org\",\"@graph\":[{\"@type\":\"WebPage\",\"@id\":\"https:\\\/\\\/worldphday.org\\\/es\\\/calendario-de-eventos\\\/\",\"url\":\"https:\\\/\\\/worldphday.org\\\/es\\\/calendario-de-eventos\\\/\",\"name\":\"Calendario de eventos | World PH Day - May 5, 2023\",\"isPartOf\":{\"@id\":\"https:\\\/\\\/worldphday.org\\\/es\\\/#website\"},\"primaryImageOfPage\":{\"@id\":\"https:\\\/\\\/worldphday.org\\\/es\\\/calendario-de-eventos\\\/#primaryimage\"},\"image\":{\"@id\":\"https:\\\/\\\/worldphday.org\\\/es\\\/calendario-de-eventos\\\/#primaryimage\"},\"thumbnailUrl\":\"https:\\\/\\\/worldphday.org\\\/wp-content\\\/uploads\\\/get-world-pulmonary-hypertension-day-logo-wphd-2021.png\",\"datePublished\":\"2017-03-24T14:33:02+00:00\",\"dateModified\":\"2021-04-22T12:36:37+00:00\",\"description\":\"Este calendario interactivo le ayuda a navegar entre la gran variedad de eventos.\",\"breadcrumb\":{\"@id\":\"https:\\\/\\\/worldphday.org\\\/es\\\/calendario-de-eventos\\\/#breadcrumb\"},\"inLanguage\":\"es\",\"potentialAction\":[{\"@type\":\"ReadAction\",\"target\":[\"https:\\\/\\\/worldphday.org\\\/es\\\/calendario-de-eventos\\\/\"]}]},{\"@type\":\"ImageObject\",\"inLanguage\":\"es\",\"@id\":\"https:\\\/\\\/worldphday.org\\\/es\\\/calendario-de-eventos\\\/#primaryimage\",\"url\":\"https:\\\/\\\/worldphday.org\\\/wp-content\\\/uploads\\\/get-world-pulmonary-hypertension-day-logo-wphd-2021.png\",\"contentUrl\":\"https:\\\/\\\/worldphday.org\\\/wp-content\\\/uploads\\\/get-world-pulmonary-hypertension-day-logo-wphd-2021.png\",\"width\":500,\"height\":493,\"caption\":\"Get World Pulmonary Hypertension Day logo - WPHD 2021\"},{\"@type\":\"BreadcrumbList\",\"@id\":\"https:\\\/\\\/worldphday.org\\\/es\\\/calendario-de-eventos\\\/#breadcrumb\",\"itemListElement\":[{\"@type\":\"ListItem\",\"position\":1,\"name\":\"Home\",\"item\":\"https:\\\/\\\/worldphday.org\\\/es\\\/\"},{\"@type\":\"ListItem\",\"position\":2,\"name\":\"Calendario de eventos\"}]},{\"@type\":\"WebSite\",\"@id\":\"https:\\\/\\\/worldphday.org\\\/es\\\/#website\",\"url\":\"https:\\\/\\\/worldphday.org\\\/es\\\/\",\"name\":\"World PH Day - May 5, 2023\",\"description\":\"10 Years togheter\",\"publisher\":{\"@id\":\"https:\\\/\\\/worldphday.org\\\/es\\\/#organization\"},\"potentialAction\":[{\"@type\":\"SearchAction\",\"target\":{\"@type\":\"EntryPoint\",\"urlTemplate\":\"https:\\\/\\\/worldphday.org\\\/es\\\/?s={search_term_string}\"},\"query-input\":{\"@type\":\"PropertyValueSpecification\",\"valueRequired\":true,\"valueName\":\"search_term_string\"}}],\"inLanguage\":\"es\"},{\"@type\":\"Organization\",\"@id\":\"https:\\\/\\\/worldphday.org\\\/es\\\/#organization\",\"name\":\"World PH Day\",\"url\":\"https:\\\/\\\/worldphday.org\\\/es\\\/\",\"logo\":{\"@type\":\"ImageObject\",\"inLanguage\":\"es\",\"@id\":\"https:\\\/\\\/worldphday.org\\\/es\\\/#\\\/schema\\\/logo\\\/image\\\/\",\"url\":\"https:\\\/\\\/worldphday.org\\\/wp-content\\\/uploads\\\/wphd-logo.png\",\"contentUrl\":\"https:\\\/\\\/worldphday.org\\\/wp-content\\\/uploads\\\/wphd-logo.png\",\"width\":270,\"height\":100,\"caption\":\"World PH Day\"},\"image\":{\"@id\":\"https:\\\/\\\/worldphday.org\\\/es\\\/#\\\/schema\\\/logo\\\/image\\\/\"},\"sameAs\":[\"https:\\\/\\\/www.facebook.com\\\/worldphday\",\"https:\\\/\\\/x.com\\\/worldphday\"]}]}<\/script>\n<!-- \/ Yoast SEO plugin. -->","yoast_head_json":{"title":"Calendario de eventos | World PH Day - May 5, 2023","description":"Este calendario interactivo le ayuda a navegar entre la gran variedad de eventos.","robots":{"index":"index","follow":"follow","max-snippet":"max-snippet:-1","max-image-preview":"max-image-preview:large","max-video-preview":"max-video-preview:-1"},"canonical":"https:\/\/worldphday.org\/es\/calendario-de-eventos\/","og_locale":"es_ES","og_type":"article","og_title":"Calendario de eventos | World PH Day - May 5, 2023","og_description":"Este calendario interactivo le ayuda a navegar entre la gran variedad de eventos.","og_url":"https:\/\/worldphday.org\/es\/calendario-de-eventos\/","og_site_name":"World PH Day - May 5, 2023","article_publisher":"https:\/\/www.facebook.com\/worldphday","article_modified_time":"2021-04-22T12:36:37+00:00","og_image":[{"width":500,"height":493,"url":"https:\/\/worldphday.org\/wp-content\/uploads\/get-world-pulmonary-hypertension-day-logo-wphd-2021.png","type":"image\/png"}],"twitter_card":"summary_large_image","twitter_site":"@worldphday","twitter_misc":{"Tiempo de lectura":"1 minuto"},"schema":{"@context":"https:\/\/schema.org","@graph":[{"@type":"WebPage","@id":"https:\/\/worldphday.org\/es\/calendario-de-eventos\/","url":"https:\/\/worldphday.org\/es\/calendario-de-eventos\/","name":"Calendario de eventos | World PH Day - May 5, 2023","isPartOf":{"@id":"https:\/\/worldphday.org\/es\/#website"},"primaryImageOfPage":{"@id":"https:\/\/worldphday.org\/es\/calendario-de-eventos\/#primaryimage"},"image":{"@id":"https:\/\/worldphday.org\/es\/calendario-de-eventos\/#primaryimage"},"thumbnailUrl":"https:\/\/worldphday.org\/wp-content\/uploads\/get-world-pulmonary-hypertension-day-logo-wphd-2021.png","datePublished":"2017-03-24T14:33:02+00:00","dateModified":"2021-04-22T12:36:37+00:00","description":"Este calendario interactivo le ayuda a navegar entre la gran variedad de eventos.","breadcrumb":{"@id":"https:\/\/worldphday.org\/es\/calendario-de-eventos\/#breadcrumb"},"inLanguage":"es","potentialAction":[{"@type":"ReadAction","target":["https:\/\/worldphday.org\/es\/calendario-de-eventos\/"]}]},{"@type":"ImageObject","inLanguage":"es","@id":"https:\/\/worldphday.org\/es\/calendario-de-eventos\/#primaryimage","url":"https:\/\/worldphday.org\/wp-content\/uploads\/get-world-pulmonary-hypertension-day-logo-wphd-2021.png","contentUrl":"https:\/\/worldphday.org\/wp-content\/uploads\/get-world-pulmonary-hypertension-day-logo-wphd-2021.png","width":500,"height":493,"caption":"Get World Pulmonary Hypertension Day logo - WPHD 2021"},{"@type":"BreadcrumbList","@id":"https:\/\/worldphday.org\/es\/calendario-de-eventos\/#breadcrumb","itemListElement":[{"@type":"ListItem","position":1,"name":"Home","item":"https:\/\/worldphday.org\/es\/"},{"@type":"ListItem","position":2,"name":"Calendario de eventos"}]},{"@type":"WebSite","@id":"https:\/\/worldphday.org\/es\/#website","url":"https:\/\/worldphday.org\/es\/","name":"World PH Day - May 5, 2023","description":"10 Years togheter","publisher":{"@id":"https:\/\/worldphday.org\/es\/#organization"},"potentialAction":[{"@type":"SearchAction","target":{"@type":"EntryPoint","urlTemplate":"https:\/\/worldphday.org\/es\/?s={search_term_string}"},"query-input":{"@type":"PropertyValueSpecification","valueRequired":true,"valueName":"search_term_string"}}],"inLanguage":"es"},{"@type":"Organization","@id":"https:\/\/worldphday.org\/es\/#organization","name":"World PH Day","url":"https:\/\/worldphday.org\/es\/","logo":{"@type":"ImageObject","inLanguage":"es","@id":"https:\/\/worldphday.org\/es\/#\/schema\/logo\/image\/","url":"https:\/\/worldphday.org\/wp-content\/uploads\/wphd-logo.png","contentUrl":"https:\/\/worldphday.org\/wp-content\/uploads\/wphd-logo.png","width":270,"height":100,"caption":"World PH Day"},"image":{"@id":"https:\/\/worldphday.org\/es\/#\/schema\/logo\/image\/"},"sameAs":["https:\/\/www.facebook.com\/worldphday","https:\/\/x.com\/worldphday"]}]}},"_links":{"self":[{"href":"https:\/\/worldphday.org\/es\/wp-json\/wp\/v2\/pages\/1273","targetHints":{"allow":["GET"]}}],"collection":[{"href":"https:\/\/worldphday.org\/es\/wp-json\/wp\/v2\/pages"}],"about":[{"href":"https:\/\/worldphday.org\/es\/wp-json\/wp\/v2\/types\/page"}],"author":[{"embeddable":true,"href":"https:\/\/worldphday.org\/es\/wp-json\/wp\/v2\/users\/1"}],"replies":[{"embeddable":true,"href":"https:\/\/worldphday.org\/es\/wp-json\/wp\/v2\/comments?post=1273"}],"version-history":[{"count":4,"href":"https:\/\/worldphday.org\/es\/wp-json\/wp\/v2\/pages\/1273\/revisions"}],"predecessor-version":[{"id":2329,"href":"https:\/\/worldphday.org\/es\/wp-json\/wp\/v2\/pages\/1273\/revisions\/2329"}],"wp:featuredmedia":[{"embeddable":true,"href":"https:\/\/worldphday.org\/es\/wp-json\/wp\/v2\/media\/1710"}],"wp:attachment":[{"href":"https:\/\/worldphday.org\/es\/wp-json\/wp\/v2\/media?parent=1273"}],"curies":[{"name":"wp","href":"https:\/\/api.w.org\/{rel}","templated":true}]}}